{"id":1563,"date":"2023-05-04T19:35:32","date_gmt":"2023-05-04T17:35:32","guid":{"rendered":"https:\/\/montalassessorsiadvocats.com\/aviso-legal\/"},"modified":"2024-02-13T16:24:22","modified_gmt":"2024-02-13T14:24:22","slug":"aviso-legal","status":"publish","type":"page","link":"https:\/\/montalassessorsiadvocats.com\/es\/aviso-legal\/","title":{"rendered":"Aviso Legal"},"content":{"rendered":"\t\t<div data-elementor-type=\"wp-page\" data-elementor-id=\"1563\" class=\"elementor elementor-1563 elementor-1209\">\n\t\t\t\t\t\t<section class=\"elementor-section elementor-top-section elementor-element elementor-element-35c62bc elementor-section-boxed elementor-section-height-default elementor-section-height-default\" data-id=\"35c62bc\" data-element_type=\"section\">\n\t\t\t\t\t\t<div class=\"elementor-container elementor-column-gap-default\">\n\t\t\t\t\t<div class=\"elementor-column elementor-col-100 elementor-top-column elementor-element elementor-element-48b58b0\" data-id=\"48b58b0\" data-element_type=\"column\">\n\t\t\t<div class=\"elementor-widget-wrap elementor-element-populated\">\n\t\t\t\t\t\t<div class=\"elementor-element elementor-element-9ded334 elementor-widget elementor-widget-text-editor\" data-id=\"9ded334\" data-element_type=\"widget\" data-widget_type=\"text-editor.default\">\n\t\t\t\t<div class=\"elementor-widget-container\">\n\t\t\t<style>\/*! elementor - v3.20.0 - 11-03-2024 *\/\n.elementor-widget-text-editor.elementor-drop-cap-view-stacked .elementor-drop-cap{background-color:#69727d;color:#fff}.elementor-widget-text-editor.elementor-drop-cap-view-framed .elementor-drop-cap{color:#69727d;border:3px solid;background-color:transparent}.elementor-widget-text-editor:not(.elementor-drop-cap-view-default) .elementor-drop-cap{margin-top:8px}.elementor-widget-text-editor:not(.elementor-drop-cap-view-default) .elementor-drop-cap-letter{width:1em;height:1em}.elementor-widget-text-editor .elementor-drop-cap{float:left;text-align:center;line-height:1;font-size:50px}.elementor-widget-text-editor .elementor-drop-cap-letter{display:inline-block}<\/style>\t\t\t\t<h3>Aviso legal<\/h3>\n<p>A continuaci\u00f3n, se exponen las condiciones de uso de este sitio web. Si continua navegando por este sitio web, se considerar\u00e1 que ha aceptado estas condiciones. Si no est\u00e1 de acuerdo con las mismas, le rogamos que no utilice este sitio web.<\/p>\n<p>Titularidad del sitio web este sitio web es propiedad de Montal assessors i Advocats S.L.P, con domicilio social en Rbla. Llu\u00eds Companys, 4, B, 08192 Sant Quirze del Vall\u00e8s, Barcelona y NIF B60552270.<\/p>\n<h3>Protecci\u00f3n de datos personales<\/h3>\n<p>La informaci\u00f3n que se facilite a trav\u00e9s de los formularios del sitio web o por correo electr\u00f3nico ser\u00e1 tratada de forma confidencial y se utilizar\u00e1 exclusivamente para las finalidades para las que se haya proporcionado. El sitio web cumple con la normativa en vigor de protecci\u00f3n de datos personales y la privacidad de los usuarios. Para m\u00e1s informaci\u00f3n, puede consultarse nuestra Pol\u00edtica de privacidad.<\/p>\n<h3>Propiedad intelectual<\/h3>\n<p>El sitio web, sus contenidos y sus funcionalidades est\u00e1n protegidos por la ley de propiedad intelectual. Los derechos de autor y propiedad intelectual corresponden a Montal Assessors i Advocats o a terceros que han autorizado su utilizaci\u00f3n. Queda prohibida la reproducci\u00f3n, distribuci\u00f3n, comunicaci\u00f3n p\u00fablica, transformaci\u00f3n o cualquier otra actividad que pueda realizarse con los contenidos del sitio web, ni siquiera citando las fuentes, excepto con el consentimiento expreso de Montal Assessors i Advocats.<\/p>\n<h3>Exclusi\u00f3n de responsabilidad<\/h3>\n<p>Montal Assessors i Advocats no se hace responsable de los errores u omisiones que pueda contener el contenido del sitio web. Tampoco se hace responsable de los da\u00f1os derivados del uso de este sitio web ni de los enlaces a otros sitios web que aparezcan en el mismo. Los contenidos del sitio web tienen una finalidad informativa, pero no constituyen una fuente de consulta ni sustituyen al consejo profesional necesario en cada caso.<\/p>\n<h3>Modificaciones de las condiciones de uso<\/h3>\n<p>Montal Assessors i Advocats se reserva el derecho a modificar, en cualquier momento y sin previo aviso, las condiciones de uso del sitio web. Las modificaciones ser\u00e1n efectivas en el momento de la publicaci\u00f3n de \u00e9stas en esta p\u00e1gina.<\/p>\n<h3>Ley aplicable y jurisdicci\u00f3n<\/h3>\n<p>Las relaciones establecidas entre Montal Assessors i Advocats y el usuario del sitio web se regir\u00e1n por la normativa espa\u00f1ola vigente y ser\u00e1n competencia de los juzgados y tribunales de Espa\u00f1a.<\/p>\n\t\t\t\t\t\t<\/div>\n\t\t\t\t<\/div>\n\t\t\t\t\t<\/div>\n\t\t<\/div>\n\t\t\t\t\t<\/div>\n\t\t<\/section>\n\t\t\t\t<\/div>\n\t\t","protected":false},"excerpt":{"rendered":"<p>Aviso legal A continuaci\u00f3n, se exponen las condiciones de uso de este sitio web. Si continua navegando por este sitio web, se considerar\u00e1 que ha aceptado estas condiciones. Si no est\u00e1 de acuerdo con las mismas, le rogamos que no utilice este sitio web. Titularidad del sitio web este sitio web es propiedad de Montal [&hellip;]<\/p>\n","protected":false},"author":1,"featured_media":0,"parent":0,"menu_order":0,"comment_status":"closed","ping_status":"closed","template":"","meta":{"_acf_changed":false,"footnotes":""},"acf":[],"yoast_head":"<!-- This site is optimized with the Yoast SEO plugin v22.8 - https:\/\/yoast.com\/wordpress\/plugins\/seo\/ -->\n<title>Aviso Legal - Montal Assessors i Advocats<\/title>\n<meta name=\"robots\" content=\"noindex, follow\" \/>\n<meta property=\"og:locale\" content=\"es_ES\" \/>\n<meta property=\"og:type\" content=\"article\" \/>\n<meta property=\"og:title\" content=\"Aviso Legal - Montal Assessors i Advocats\" \/>\n<meta property=\"og:description\" content=\"Aviso legal A continuaci\u00f3n, se exponen las condiciones de uso de este sitio web. Si continua navegando por este sitio web, se considerar\u00e1 que ha aceptado estas condiciones. Si no est\u00e1 de acuerdo con las mismas, le rogamos que no utilice este sitio web. Titularidad del sitio web este sitio web es propiedad de Montal [&hellip;]\" \/>\n<meta property=\"og:url\" content=\"https:\/\/montalassessorsiadvocats.com\/es\/aviso-legal\/\" \/>\n<meta property=\"og:site_name\" content=\"Montal Assessors i Advocats\" \/>\n<meta property=\"article:modified_time\" content=\"2024-02-13T14:24:22+00:00\" \/>\n<meta property=\"og:image\" content=\"https:\/\/montalassessorsiadvocats.com\/wp-content\/uploads\/2023\/12\/Assessors-i-advocats-Sant-Quirze.jpg\" \/>\n\t<meta property=\"og:image:width\" content=\"1700\" \/>\n\t<meta property=\"og:image:height\" content=\"1133\" \/>\n\t<meta property=\"og:image:type\" content=\"image\/jpeg\" \/>\n<meta name=\"twitter:card\" content=\"summary_large_image\" \/>\n<meta name=\"twitter:label1\" content=\"Tiempo de lectura\" \/>\n\t<meta name=\"twitter:data1\" content=\"3 minutos\" \/>\n<script type=\"application\/ld+json\" class=\"yoast-schema-graph\">{\"@context\":\"https:\/\/schema.org\",\"@graph\":[{\"@type\":\"WebPage\",\"@id\":\"https:\/\/montalassessorsiadvocats.com\/es\/aviso-legal\/\",\"url\":\"https:\/\/montalassessorsiadvocats.com\/es\/aviso-legal\/\",\"name\":\"Aviso Legal - Montal Assessors i Advocats\",\"isPartOf\":{\"@id\":\"https:\/\/montalassessorsiadvocats.com\/es\/#website\"},\"datePublished\":\"2023-05-04T17:35:32+00:00\",\"dateModified\":\"2024-02-13T14:24:22+00:00\",\"breadcrumb\":{\"@id\":\"https:\/\/montalassessorsiadvocats.com\/es\/aviso-legal\/#breadcrumb\"},\"inLanguage\":\"es\",\"potentialAction\":[{\"@type\":\"ReadAction\",\"target\":[\"https:\/\/montalassessorsiadvocats.com\/es\/aviso-legal\/\"]}]},{\"@type\":\"BreadcrumbList\",\"@id\":\"https:\/\/montalassessorsiadvocats.com\/es\/aviso-legal\/#breadcrumb\",\"itemListElement\":[{\"@type\":\"ListItem\",\"position\":1,\"name\":\"Inici\",\"item\":\"https:\/\/montalassessorsiadvocats.com\/es\/\"},{\"@type\":\"ListItem\",\"position\":2,\"name\":\"Aviso Legal\"}]},{\"@type\":\"WebSite\",\"@id\":\"https:\/\/montalassessorsiadvocats.com\/es\/#website\",\"url\":\"https:\/\/montalassessorsiadvocats.com\/es\/\",\"name\":\"Montal Assessors i Advocats\",\"description\":\"Assessoria fiscal, comptable, laboral, mercantil i jur\u00eddica a Sant Quirze\",\"publisher\":{\"@id\":\"https:\/\/montalassessorsiadvocats.com\/es\/#organization\"},\"alternateName\":\"Montal Assessors\",\"potentialAction\":[{\"@type\":\"SearchAction\",\"target\":{\"@type\":\"EntryPoint\",\"urlTemplate\":\"https:\/\/montalassessorsiadvocats.com\/es\/?s={search_term_string}\"},\"query-input\":\"required name=search_term_string\"}],\"inLanguage\":\"es\"},{\"@type\":\"Organization\",\"@id\":\"https:\/\/montalassessorsiadvocats.com\/es\/#organization\",\"name\":\"Montal Assessors i Advocats - Sant Quirze\",\"alternateName\":\"Montal Assessors i Advocats\",\"url\":\"https:\/\/montalassessorsiadvocats.com\/es\/\",\"logo\":{\"@type\":\"ImageObject\",\"inLanguage\":\"es\",\"@id\":\"https:\/\/montalassessorsiadvocats.com\/es\/#\/schema\/logo\/image\/\",\"url\":\"https:\/\/montalassessorsiadvocats.com\/wp-content\/uploads\/2024\/03\/logo-montal.jpg\",\"contentUrl\":\"https:\/\/montalassessorsiadvocats.com\/wp-content\/uploads\/2024\/03\/logo-montal.jpg\",\"width\":696,\"height\":696,\"caption\":\"Montal Assessors i Advocats - Sant Quirze\"},\"image\":{\"@id\":\"https:\/\/montalassessorsiadvocats.com\/es\/#\/schema\/logo\/image\/\"}}]}<\/script>\n<!-- \/ Yoast SEO plugin. -->","yoast_head_json":{"title":"Aviso Legal - Montal Assessors i Advocats","robots":{"index":"noindex","follow":"follow"},"og_locale":"es_ES","og_type":"article","og_title":"Aviso Legal - Montal Assessors i Advocats","og_description":"Aviso legal A continuaci\u00f3n, se exponen las condiciones de uso de este sitio web. Si continua navegando por este sitio web, se considerar\u00e1 que ha aceptado estas condiciones. Si no est\u00e1 de acuerdo con las mismas, le rogamos que no utilice este sitio web. Titularidad del sitio web este sitio web es propiedad de Montal [&hellip;]","og_url":"https:\/\/montalassessorsiadvocats.com\/es\/aviso-legal\/","og_site_name":"Montal Assessors i Advocats","article_modified_time":"2024-02-13T14:24:22+00:00","og_image":[{"width":1700,"height":1133,"url":"https:\/\/montalassessorsiadvocats.com\/wp-content\/uploads\/2023\/12\/Assessors-i-advocats-Sant-Quirze.jpg","type":"image\/jpeg"}],"twitter_card":"summary_large_image","twitter_misc":{"Tiempo de lectura":"3 minutos"},"schema":{"@context":"https:\/\/schema.org","@graph":[{"@type":"WebPage","@id":"https:\/\/montalassessorsiadvocats.com\/es\/aviso-legal\/","url":"https:\/\/montalassessorsiadvocats.com\/es\/aviso-legal\/","name":"Aviso Legal - Montal Assessors i Advocats","isPartOf":{"@id":"https:\/\/montalassessorsiadvocats.com\/es\/#website"},"datePublished":"2023-05-04T17:35:32+00:00","dateModified":"2024-02-13T14:24:22+00:00","breadcrumb":{"@id":"https:\/\/montalassessorsiadvocats.com\/es\/aviso-legal\/#breadcrumb"},"inLanguage":"es","potentialAction":[{"@type":"ReadAction","target":["https:\/\/montalassessorsiadvocats.com\/es\/aviso-legal\/"]}]},{"@type":"BreadcrumbList","@id":"https:\/\/montalassessorsiadvocats.com\/es\/aviso-legal\/#breadcrumb","itemListElement":[{"@type":"ListItem","position":1,"name":"Inici","item":"https:\/\/montalassessorsiadvocats.com\/es\/"},{"@type":"ListItem","position":2,"name":"Aviso Legal"}]},{"@type":"WebSite","@id":"https:\/\/montalassessorsiadvocats.com\/es\/#website","url":"https:\/\/montalassessorsiadvocats.com\/es\/","name":"Montal Assessors i Advocats","description":"Assessoria fiscal, comptable, laboral, mercantil i jur\u00eddica a Sant Quirze","publisher":{"@id":"https:\/\/montalassessorsiadvocats.com\/es\/#organization"},"alternateName":"Montal Assessors","potentialAction":[{"@type":"SearchAction","target":{"@type":"EntryPoint","urlTemplate":"https:\/\/montalassessorsiadvocats.com\/es\/?s={search_term_string}"},"query-input":"required name=search_term_string"}],"inLanguage":"es"},{"@type":"Organization","@id":"https:\/\/montalassessorsiadvocats.com\/es\/#organization","name":"Montal Assessors i Advocats - Sant Quirze","alternateName":"Montal Assessors i Advocats","url":"https:\/\/montalassessorsiadvocats.com\/es\/","logo":{"@type":"ImageObject","inLanguage":"es","@id":"https:\/\/montalassessorsiadvocats.com\/es\/#\/schema\/logo\/image\/","url":"https:\/\/montalassessorsiadvocats.com\/wp-content\/uploads\/2024\/03\/logo-montal.jpg","contentUrl":"https:\/\/montalassessorsiadvocats.com\/wp-content\/uploads\/2024\/03\/logo-montal.jpg","width":696,"height":696,"caption":"Montal Assessors i Advocats - Sant Quirze"},"image":{"@id":"https:\/\/montalassessorsiadvocats.com\/es\/#\/schema\/logo\/image\/"}}]}},"_links":{"self":[{"href":"https:\/\/montalassessorsiadvocats.com\/es\/wp-json\/wp\/v2\/pages\/1563"}],"collection":[{"href":"https:\/\/montalassessorsiadvocats.com\/es\/wp-json\/wp\/v2\/pages"}],"about":[{"href":"https:\/\/montalassessorsiadvocats.com\/es\/wp-json\/wp\/v2\/types\/page"}],"author":[{"embeddable":true,"href":"https:\/\/montalassessorsiadvocats.com\/es\/wp-json\/wp\/v2\/users\/1"}],"replies":[{"embeddable":true,"href":"https:\/\/montalassessorsiadvocats.com\/es\/wp-json\/wp\/v2\/comments?post=1563"}],"version-history":[{"count":2,"href":"https:\/\/montalassessorsiadvocats.com\/es\/wp-json\/wp\/v2\/pages\/1563\/revisions"}],"predecessor-version":[{"id":2142,"href":"https:\/\/montalassessorsiadvocats.com\/es\/wp-json\/wp\/v2\/pages\/1563\/revisions\/2142"}],"wp:attachment":[{"href":"https:\/\/montalassessorsiadvocats.com\/es\/wp-json\/wp\/v2\/media?parent=1563"}],"curies":[{"name":"wp","href":"https:\/\/api.w.org\/{rel}","templated":true}]}}