{"id":1572,"date":"2023-02-07T19:39:47","date_gmt":"2023-02-07T17:39:47","guid":{"rendered":"https:\/\/montalassessorsiadvocats.com\/politica-de-privacidad\/"},"modified":"2024-02-13T16:22:32","modified_gmt":"2024-02-13T14:22:32","slug":"politica-de-privacidad","status":"publish","type":"page","link":"https:\/\/montalassessorsiadvocats.com\/es\/politica-de-privacidad\/","title":{"rendered":"Pol\u00edtica de privacidad"},"content":{"rendered":"\t\t<div data-elementor-type=\"wp-page\" data-elementor-id=\"1572\" class=\"elementor elementor-1572 elementor-3\">\n\t\t\t\t\t\t<section class=\"elementor-section elementor-top-section elementor-element elementor-element-24f7669 elementor-section-boxed elementor-section-height-default elementor-section-height-default\" data-id=\"24f7669\" data-element_type=\"section\">\n\t\t\t\t\t\t<div class=\"elementor-container elementor-column-gap-default\">\n\t\t\t\t\t<div class=\"elementor-column elementor-col-100 elementor-top-column elementor-element elementor-element-e056041\" data-id=\"e056041\" data-element_type=\"column\">\n\t\t\t<div class=\"elementor-widget-wrap elementor-element-populated\">\n\t\t\t\t\t\t<div class=\"elementor-element elementor-element-a552425 elementor-widget elementor-widget-text-editor\" data-id=\"a552425\" data-element_type=\"widget\" data-widget_type=\"text-editor.default\">\n\t\t\t\t<div class=\"elementor-widget-container\">\n\t\t\t<style>\/*! elementor - v3.20.0 - 11-03-2024 *\/\n.elementor-widget-text-editor.elementor-drop-cap-view-stacked .elementor-drop-cap{background-color:#69727d;color:#fff}.elementor-widget-text-editor.elementor-drop-cap-view-framed .elementor-drop-cap{color:#69727d;border:3px solid;background-color:transparent}.elementor-widget-text-editor:not(.elementor-drop-cap-view-default) .elementor-drop-cap{margin-top:8px}.elementor-widget-text-editor:not(.elementor-drop-cap-view-default) .elementor-drop-cap-letter{width:1em;height:1em}.elementor-widget-text-editor .elementor-drop-cap{float:left;text-align:center;line-height:1;font-size:50px}.elementor-widget-text-editor .elementor-drop-cap-letter{display:inline-block}<\/style>\t\t\t\t<h3><strong>1. INFORMACI\u00d3N AL USUARIO<\/strong><\/h3>\n<p>\u00bfQui\u00e9n es el responsable del tratamiento de sus datos personales?<br \/>\nMontal Assessors i Advocats S.L.P es el responsable del tratamiento de los datos personales del usuario y te informa que estas datos ser\u00e1n tratados de conformidad con lo dispuesto en el Reglamento (UE) 2016\/679, de 27 de abril (GDPR), y la Ley Org\u00e1nica 3\/2018, de 5 de diciembre (LOPDGDD).<br \/>\n\u00bfQu\u00e9 tipolog\u00eda de datos le solicitamos y tratamos?<br \/>\nSeg\u00fan el formulario o manera de obtener tus datos, siempre le pedimos los m\u00ednimos necesarios para cumplir los fines detallados en cada caso.<br \/>\n\u00bfPor qu\u00e9 tratamos sus datos personales y por qu\u00e9 lo hacemos?<br \/>\nSeg\u00fan el formulario donde hayamos obtenido tus datos personales, los trataremos de forma confidencial para alcanzar las finalidades:<br \/>\n<strong>En el formulario Contacto<\/strong><br \/>\nDar respuesta a las consultas o cualquier tipo de petici\u00f3n que sea realizada por el usuario a trav\u00e9s de cualquier de las formas de contacto que se ponen a su disposici\u00f3n en la p\u00e1gina web del responsable. (por el inter\u00e9s leg\u00edtimo del responsable, art. 6.1.f GDPR)<br \/>\nRealizar an\u00e1lisis estad\u00edsticos y estudios de mercado. (por el inter\u00e9s leg\u00edtimo del responsable, art. 6.1.f GDPR)<br \/>\n<strong>En el formulario Registro de usuario<\/strong><br \/>\nGestionar la cuenta del usuario para proporcionarle un acceso personalizado a la p\u00e1gina web ya los servicios interactivos que ofrece.<br \/>\n(por el consentimiento del interesado, 6.1.a GDPR)<\/p>\n<h3><strong>Redes Sociales<\/strong><\/h3>\n<p>Contacto a trav\u00e9s de las Redes Sociales para mantener una relaci\u00f3n entre el Usuario y el Responsable que puede incluir las siguientes operaciones: &#8211; Tramitar sus solicitudes y consultas. &#8211; Informar sobre actividades y eventos. &#8211; Informar sobre productos y\/o servicios. &#8211; Interactuar a trav\u00e9s de los perfiles oficiales. El usuario dispone de un perfil en la misma red social y ha decidido unirse a la red social del Responsable, mostrando as\u00ed<br \/>\nsu inter\u00e9s en la informaci\u00f3n que se publique, por tanto en el momento de solicitar seguir la nuestra p\u00e1gina oficial, nos facilita su consentimiento para el tratamiento de sus datos. El Usuario puede acceder a todo momento en las pol\u00edticas de privacidad de la propia red social, as\u00ed como configurar su perfil para garantizar su privacidad. El Usuario una vez sea seguidor o se haya unido a la red social del Responsable, podr\u00e1 publicar en la misma comentarios, enlaces, im\u00e1genes, fotograf\u00edas o cualquier otro tipo de contenido soportado por \u00e9sta.<br \/>\nEl Usuario, en todos los casos, debe ser el titular del contenido publicado, gozar de los derechos de autor y de propiedad intelectual o contar con el consentimiento de los terceros afectados. &#8211; Env\u00edo de comunicaciones comerciales relativas a las actividades de las empresas del Grupo, as\u00ed como empresas externas al mismo, con aquello<br \/>\nque se hayan establecido acuerdos comerciales de colaboraci\u00f3n o intermediaci\u00f3n. (por el consentimiento del interesado, 6.1.a GDPR)<\/p>\n<h3><strong>Mensajer\u00eda Instant\u00e1nia<\/strong><\/h3>\n<p>Agendar citas y reuniones con el responsable.<br \/>\n(por el inter\u00e9s leg\u00edtimo del responsable, art. 6.1.f GDPR)<br \/>\nEnviar comunicaciones comerciales publicitarias por e-mail, fax, SMS, MMS, redes sociales o cualquier otro medio electr\u00f3nico o f\u00edsico, presente o futuro a clientes, que posibilite realizar comunicaciones comerciales<br \/>\nreferentes a productos o servicios que sean similares a los que inicialmente fueron objeto de contrataci\u00f3n con el cliente (art. 21.2 LSSI). (por el inter\u00e9s leg\u00edtimo del responsable, art. 6.1.f GDPR)<br \/>\nGestionar, mantener, mejorar o desarrollar los servicios prestados. (para la ejecuci\u00f3n de un contrato o precontrato, 6.1.b GDPR)<br \/>\nGestionar su compra o pedido online, procesar el pago y proceder al env\u00edo o activaci\u00f3n del mismo, en base a las condiciones generales de contratacio\u0301n. (para la ejecucio\u0301n de un contrato o precontrato, 6.1.b GDPR)<br \/>\nGestionar, mantener, mejorar o desarrollar los servicios prestados. (para la ejecucio\u0301n de un contrato o precontrato, 6.1.b GDPR)<br \/>\nRealizar encuestas de satisfaccio\u0301n y calidad. (por el intere\u0301s legi\u0301timo del responsable, art. 6.1.f GDPR)<\/p>\n<h3><strong>Condiciones generales de\u00a0<\/strong><b>contrataci\u00f3n<\/b><\/h3>\n<p>Enviar presupuestos comerciales sobre productos y servicios. (para la ejecuci\u00f3n de un contrato o precontrato, 6.1.b GDPR)<br \/>\nEnviar comunicaciones comerciales publicitarias por e-mail, fax, SMS, MMS, redes sociales o cualquier otro medio electr\u00f3nico o f\u00edsico, presente o futuro, que posibilite realizar comunicaciones comerciales. \u00c9stas<br \/>\ncomunicaciones ser\u00e1n realizadas por el responsable y estar\u00e1n relacionadas con sus productos y servicios, o de sus colaboradores o proveedores, con los que \u00e9ste haya alcanzado alg\u00fan acuerdo de promoci\u00f3n. En este caso, los terceros nunca tendr\u00e1n acceso a sus datos personales. (por el consentimiento del interesado, 6.1.a GDPR)<br \/>\nDar respuesta a las consultas o cualquier tipo de petici\u00f3n que sea realizada por el usuario a trav\u00e9s de cualquier de las formas de contacto que se ponen a su disposici\u00f3n en la p\u00e1gina web del responsable. (por el inter\u00e9s leg\u00edtimo del responsable, art. 6.1.f GDPR)<\/p>\n<p><strong>Videovigilancia<\/strong><\/p>\n<p>Finalidad Seguridad y control de accesos, control laboral y de la actividad interna Legitimaci\u00f3n Inter\u00e9s p\u00fablico por la seguridad y el control de accesos e Inter\u00e9s leg\u00edtimo del Responsable basado en el Arte. 20.3 del Estatuto de los Trabajadores Conservaci\u00f3n Un m\u00e1ximo de 30 d\u00edas (por el consentimiento del interesado, 6.1.a GDPR)<\/p>\n<p><b>Im\u00e1genes<\/b><strong> y grabaciones<\/strong><\/p>\n<p>Archivo con im\u00e1genes est\u00e1ticas y\/o din\u00e1micas. Incluye la publicaci\u00f3n en los medios del responsable de tratamiento o de terceros. (por el consentimiento del interesado, 6.1.a GDPR)<\/p>\n<p><strong>Clientes y proveedores<\/strong><\/p>\n<p>Gesti\u00f3n comercial con clientes y proveedores (por el inter\u00e9s leg\u00edtimo del responsable, art. 6.1.f GDPR)<\/p>\n<p><strong>Exclusi\u00f3n publicit\u00e1ria<\/strong><\/p>\n<p>Gesti\u00f3n de datos para evitar el env\u00edo de comunicaciones comerciales a quienes hubieran manifestado su negativa u oposici\u00f3n a recibirlas. (para el cumplimiento de una obligaci\u00f3n legal, 6.1.c GDPR)<\/p>\n<p><strong>Publicidad comercial<\/strong><\/p>\n<p>Gesti\u00f3n publicitaria y prospecci\u00f3n comercial. Incluye datos de fuentes leg\u00edtimas de acceso p\u00fablico. (por el inter\u00e9s leg\u00edtimo del responsable, art. 6.1.f GDPR)<\/p>\n<p><strong>Derecho de los interesados<\/strong><\/p>\n<p>Atender las solicitudes de los ciudadanos en el ejercicio de los derechos que establece el GDPR (para el cumplimiento de una obligaci\u00f3n legal, 6.1.c GDPR)<\/p>\n<p><strong>Usuarios Web, app y otras plataformas del responsable<\/strong><\/p>\n<p>Datos de identificaci\u00f3n de los usuarios que acceden a la web corporativa.<br \/>\n(por el inter\u00e9s leg\u00edtimo del responsable, art. 6.1.f GDPR)<\/p>\n<p><strong>Formaci\u00f3n, cursos, talleres, actividades o similar<\/strong><\/p>\n<p>Gesti\u00f3n de las condiciones de acceso y uso. (por el inter\u00e9s leg\u00edtimo del responsable, art. 6.1.f GDPR)<\/p>\n<p><strong>Conexi\u00f3n a la red Wifi<\/strong><\/p>\n<ul>\n<li>Realizar an\u00e1lisis estad\u00edsticos y estudios de mercado. (por el inter\u00e9s leg\u00edtimo del responsable, art. 6.1.f GDPR)<\/li>\n<li>Realizar encuestas de satisfacci\u00f3n y calidad. (por el inter\u00e9s leg\u00edtimo del responsable, art. 6.1.f GDPR) (por el consentimiento del interesado, 6.1.a GDPR)<\/li>\n<\/ul>\n<h3><strong>Representantes legales y personas de contacto<\/strong><\/h3>\n<p>En caso de que usted sea representante legal o persona de contacto de alguna de las entidades o personas con que la Fundaci\u00f3n se relaciona, el responsable tratar\u00e1 sus datos para controlar el desarrollo de la relaci\u00f3n<br \/>\npretendida. (por el consentimiento del interesado, 6.1.a GDPR)<\/p>\n<h3><strong>Durante cuanto tiempo guardaremos\u00a0 vuestros datos personales?<\/strong><\/h3>\n<p>Se conservar\u00e1n durante no m\u00e1s tiempo del necesario para mantener el fin del tratamiento o haya prescripciones legales que dictaminan su custodia y cuando ya no sea necesario, se suprimir\u00e1n con medidas de seguridad adecuadas para garantizar la anonimizaci\u00f3n de los datos o la destrucci\u00f3n total de los datos.<\/p>\n<h3><strong>A quien facilitamos vuestros datos personales?<\/strong><\/h3>\n<p>No est\u00e1 prevista ninguna comunicaci\u00f3n de datos personales a terceros excepto, si fuera necesario para el desarrollo y ejecuci\u00f3n de los mismos<br \/>\nfines del tratamiento, a nuestros proveedores de servicios relacionados con comunicaciones, con los que el responsable tiene suscritos los contratos de confidencialidad y encargado de tratamiento exigidos por la normativa vigente de privacidad.<\/p>\n<h3><strong>Realizamos transfer\u00e9ncias internacionales?<\/strong><\/h3>\n<p>De conformidad con lo dispuesto en el art\u00edculo 44 del RGPD, la autorizaci\u00f3n de transferencia internacional de datos a un pa\u00eds que no ha sido declarado como pa\u00eds con un nivel adecuado de protecci\u00f3n s\u00f3lo puede otorgarse si se obtienen garant\u00edas suficientes. As\u00ed, se podr\u00e1 otorgar si el responsable del tratamiento aporta un contrato escrito, celebrado entre el exportador y el importador de datos, en el que consten las garant\u00edas necesarias de respeto a la protecci\u00f3n de los<br \/>\ninteresados \u200b\u200by se garantice el ejercicio de sus derechos.<br \/>\nEs posible que el responsable cuente con servicios de proveedores que tengan servidores o sedes en otros sitios y, por tanto, se hagan estas transferencias. Para consultar el listado actualizado de proveedores, consulte con el responsable o a trav\u00e9s de jmaljama@asesoriamontal.com<\/p>\n<h3><strong>Cuales son vuestros derechos?<\/strong><\/h3>\n<p>Los derechos que asisten al usuario son:<br \/>\nDerecho a retirar su consentimiento en cualquier momento.<br \/>\nDerecho de acceso, rectificaci\u00f3n, portabilidad y supresi\u00f3n de sus datos, y de limitaci\u00f3n u oposici\u00f3n al tratamiento.<br \/>\nDerecho a presentar una reclamaci\u00f3n ante la autoridad de control (www.aepd.es) si considera que el tratamiento no se ajusta a la normativa vigente.<\/p>\n<h3><strong>Datos de contacto para ejercer sus derechos:<\/strong><\/h3>\n<p>Montal Assesores i Advocats S.L.P. Rambla Llu\u00eds Companys, 4 B &#8211; 08192 Sant Quirze del Vall\u00e8s (Barcelona). E-mail:<br \/>\njmaljama@asesoriamontal.com<\/p>\n<h3><strong>2. CARACTER OBLIGATORIO O FACULTATIBO DE LA INFORMACI\u00d3N FACILITADA POR EL USUARIO<\/strong><\/h3>\n<p>Los usuarios, mediante la marcaci\u00f3n de las casillas correspondientes y la entrada de datos en los campos, marcados con un<br \/>\nasterisco (*) en el formulario de contacto o presentados en formularios de descarga, aceptan expresamente y de forma libre<br \/>\ninequ\u00edvoca, que sus datos son necesarios para atender su petici\u00f3n, por parte del prestamista, siendo voluntaria la inclusi\u00f3n de datos<br \/>\nen los campos restantes. El usuario garantiza que los datos personales facilitados al responsable son veraces y se hace responsable de los mismos<br \/>\nde comunicar cualquier modificaci\u00f3n de los mismos.<br \/>\nEl responsable informa que todos los datos solicitados a trav\u00e9s del sitio web son obligatorios, ya que son necesarios para la de un servicio \u00f3ptimo al usuario. En caso de que no se faciliten todos los datos, no se garantiza que la informaci\u00f3n y servicios facilitados sean completamente ajustados a sus necesidades.<br \/>\nSi por alg\u00fan tipo de medio, nos facilita datos de car\u00e1cter personal de otras personas, el responsable advierte que deber\u00e1 hacerlo con su consentimiento y haber informado, con car\u00e1cter previo, de los aspectos contenidos en esta Pol\u00edtica de Privacidad.<br \/>\nAsimismo, el responsable se compromete a facilitar a cualquier tercero cuyos datos nos facilite la informaci\u00f3n que resultara pertinente, de conformidad con lo dispuesto en el art\u00edculo 14 del Reglamento General.<\/p>\n<h3><strong>3. MEDIDAS DE SEGURIDAD<\/strong><\/h3>\n<p>Que de conformidad con lo que disponen las normativas vigentes en protecci\u00f3n de datos personales, el responsable est\u00e1 cumpliendo con todas las disposiciones de las normativas GDPR y LOPDGDD para el tratamiento de los datos personales de su responsabilidad, y manifiestamente con los principios descritos en el art\u00edculo 5 del GDPR, por los que son tratados de forma l\u00edcita, leal y transparente en relaci\u00f3n con el interesado y adecuados, pertinentes y limitados a lo necesario en relaci\u00f3n con los fines para quienes son tratados.<br \/>\nEl responsable garantiza que ha implementado pol\u00edticas t\u00e9cnicas y organizativas apropiadas para aplicar las medidas de seguridad<br \/>\nque establecen el GDPR y la LOPDGDD para proteger los derechos y libertades de los usuarios y les ha comunicado la informaci\u00f3n adecuada para que puedan ejercitarlos.<br \/>\nPara m\u00e1s informaci\u00f3n sobre las garant\u00edas de privacidad, puedes dirigirte al responsable a trav\u00e9s de Montal Assessors i Advocats S.L.P. Rambla Llu\u00eds Companys, 4 B &#8211; 08192 Sant Quirze del Vall\u00e8s (Barcelona). E-mail: jmaljama@asesoriamontal.com<\/p>\n<h3><strong>4. VIGENCIA<\/strong><\/h3>\n<p>Esta pol\u00edtica de privacidad est\u00e1 vigente desde el 19\/01\/2023<br \/>\nEl responsable se reserva el derecho de modificar esta pol\u00edtica para adaptarla a futuras actualizaciones legislativas o jurisprudenciales que sean de aplicaci\u00f3n, o por otros motivos t\u00e9cnicos, operativos, comerciales, corporativos, etc. Si a consecuencia de los cambios, se vieran afectados los derechos de los usuarios, el responsable se compromete a informar sobre los motivos.<\/p>\n\t\t\t\t\t\t<\/div>\n\t\t\t\t<\/div>\n\t\t\t\t\t<\/div>\n\t\t<\/div>\n\t\t\t\t\t<\/div>\n\t\t<\/section>\n\t\t\t\t<\/div>\n\t\t","protected":false},"excerpt":{"rendered":"<p>1. INFORMACI\u00d3N AL USUARIO \u00bfQui\u00e9n es el responsable del tratamiento de sus datos personales? Montal Assessors i Advocats S.L.P es el responsable del tratamiento de los datos personales del usuario y te informa que estas datos ser\u00e1n tratados de conformidad con lo dispuesto en el Reglamento (UE) 2016\/679, de 27 de abril (GDPR), y la [&hellip;]<\/p>\n","protected":false},"author":1,"featured_media":0,"parent":0,"menu_order":0,"comment_status":"closed","ping_status":"open","template":"","meta":{"_acf_changed":false,"footnotes":""},"acf":[],"yoast_head":"<!-- This site is optimized with the Yoast SEO plugin v22.8 - https:\/\/yoast.com\/wordpress\/plugins\/seo\/ -->\n<title>Pol\u00edtica de privacidad - Montal Assessors i Advocats<\/title>\n<meta name=\"robots\" content=\"noindex, follow\" \/>\n<meta property=\"og:locale\" content=\"es_ES\" \/>\n<meta property=\"og:type\" content=\"article\" \/>\n<meta property=\"og:title\" content=\"Pol\u00edtica de privacidad - Montal Assessors i Advocats\" \/>\n<meta property=\"og:description\" content=\"1. INFORMACI\u00d3N AL USUARIO \u00bfQui\u00e9n es el responsable del tratamiento de sus datos personales? Montal Assessors i Advocats S.L.P es el responsable del tratamiento de los datos personales del usuario y te informa que estas datos ser\u00e1n tratados de conformidad con lo dispuesto en el Reglamento (UE) 2016\/679, de 27 de abril (GDPR), y la [&hellip;]\" \/>\n<meta property=\"og:url\" content=\"https:\/\/montalassessorsiadvocats.com\/es\/politica-de-privacidad\/\" \/>\n<meta property=\"og:site_name\" content=\"Montal Assessors i Advocats\" \/>\n<meta property=\"article:modified_time\" content=\"2024-02-13T14:22:32+00:00\" \/>\n<meta property=\"og:image\" content=\"https:\/\/montalassessorsiadvocats.com\/wp-content\/uploads\/2023\/12\/Assessors-i-advocats-Sant-Quirze.jpg\" \/>\n\t<meta property=\"og:image:width\" content=\"1700\" \/>\n\t<meta property=\"og:image:height\" content=\"1133\" \/>\n\t<meta property=\"og:image:type\" content=\"image\/jpeg\" \/>\n<meta name=\"twitter:card\" content=\"summary_large_image\" \/>\n<meta name=\"twitter:label1\" content=\"Tiempo de lectura\" \/>\n\t<meta name=\"twitter:data1\" content=\"11 minutos\" \/>\n<script type=\"application\/ld+json\" class=\"yoast-schema-graph\">{\"@context\":\"https:\/\/schema.org\",\"@graph\":[{\"@type\":\"WebPage\",\"@id\":\"https:\/\/montalassessorsiadvocats.com\/es\/politica-de-privacidad\/\",\"url\":\"https:\/\/montalassessorsiadvocats.com\/es\/politica-de-privacidad\/\",\"name\":\"Pol\u00edtica de privacidad - Montal Assessors i Advocats\",\"isPartOf\":{\"@id\":\"https:\/\/montalassessorsiadvocats.com\/es\/#website\"},\"datePublished\":\"2023-02-07T17:39:47+00:00\",\"dateModified\":\"2024-02-13T14:22:32+00:00\",\"breadcrumb\":{\"@id\":\"https:\/\/montalassessorsiadvocats.com\/es\/politica-de-privacidad\/#breadcrumb\"},\"inLanguage\":\"es\",\"potentialAction\":[{\"@type\":\"ReadAction\",\"target\":[\"https:\/\/montalassessorsiadvocats.com\/es\/politica-de-privacidad\/\"]}]},{\"@type\":\"BreadcrumbList\",\"@id\":\"https:\/\/montalassessorsiadvocats.com\/es\/politica-de-privacidad\/#breadcrumb\",\"itemListElement\":[{\"@type\":\"ListItem\",\"position\":1,\"name\":\"Inici\",\"item\":\"https:\/\/montalassessorsiadvocats.com\/es\/\"},{\"@type\":\"ListItem\",\"position\":2,\"name\":\"Pol\u00edtica de privacidad\"}]},{\"@type\":\"WebSite\",\"@id\":\"https:\/\/montalassessorsiadvocats.com\/es\/#website\",\"url\":\"https:\/\/montalassessorsiadvocats.com\/es\/\",\"name\":\"Montal Assessors i Advocats\",\"description\":\"Assessoria fiscal, comptable, laboral, mercantil i jur\u00eddica a Sant Quirze\",\"publisher\":{\"@id\":\"https:\/\/montalassessorsiadvocats.com\/es\/#organization\"},\"alternateName\":\"Montal Assessors\",\"potentialAction\":[{\"@type\":\"SearchAction\",\"target\":{\"@type\":\"EntryPoint\",\"urlTemplate\":\"https:\/\/montalassessorsiadvocats.com\/es\/?s={search_term_string}\"},\"query-input\":\"required name=search_term_string\"}],\"inLanguage\":\"es\"},{\"@type\":\"Organization\",\"@id\":\"https:\/\/montalassessorsiadvocats.com\/es\/#organization\",\"name\":\"Montal Assessors i Advocats - Sant Quirze\",\"alternateName\":\"Montal Assessors i Advocats\",\"url\":\"https:\/\/montalassessorsiadvocats.com\/es\/\",\"logo\":{\"@type\":\"ImageObject\",\"inLanguage\":\"es\",\"@id\":\"https:\/\/montalassessorsiadvocats.com\/es\/#\/schema\/logo\/image\/\",\"url\":\"https:\/\/montalassessorsiadvocats.com\/wp-content\/uploads\/2024\/03\/logo-montal.jpg\",\"contentUrl\":\"https:\/\/montalassessorsiadvocats.com\/wp-content\/uploads\/2024\/03\/logo-montal.jpg\",\"width\":696,\"height\":696,\"caption\":\"Montal Assessors i Advocats - Sant Quirze\"},\"image\":{\"@id\":\"https:\/\/montalassessorsiadvocats.com\/es\/#\/schema\/logo\/image\/\"}}]}<\/script>\n<!-- \/ Yoast SEO plugin. -->","yoast_head_json":{"title":"Pol\u00edtica de privacidad - Montal Assessors i Advocats","robots":{"index":"noindex","follow":"follow"},"og_locale":"es_ES","og_type":"article","og_title":"Pol\u00edtica de privacidad - Montal Assessors i Advocats","og_description":"1. INFORMACI\u00d3N AL USUARIO \u00bfQui\u00e9n es el responsable del tratamiento de sus datos personales? Montal Assessors i Advocats S.L.P es el responsable del tratamiento de los datos personales del usuario y te informa que estas datos ser\u00e1n tratados de conformidad con lo dispuesto en el Reglamento (UE) 2016\/679, de 27 de abril (GDPR), y la [&hellip;]","og_url":"https:\/\/montalassessorsiadvocats.com\/es\/politica-de-privacidad\/","og_site_name":"Montal Assessors i Advocats","article_modified_time":"2024-02-13T14:22:32+00:00","og_image":[{"width":1700,"height":1133,"url":"https:\/\/montalassessorsiadvocats.com\/wp-content\/uploads\/2023\/12\/Assessors-i-advocats-Sant-Quirze.jpg","type":"image\/jpeg"}],"twitter_card":"summary_large_image","twitter_misc":{"Tiempo de lectura":"11 minutos"},"schema":{"@context":"https:\/\/schema.org","@graph":[{"@type":"WebPage","@id":"https:\/\/montalassessorsiadvocats.com\/es\/politica-de-privacidad\/","url":"https:\/\/montalassessorsiadvocats.com\/es\/politica-de-privacidad\/","name":"Pol\u00edtica de privacidad - Montal Assessors i Advocats","isPartOf":{"@id":"https:\/\/montalassessorsiadvocats.com\/es\/#website"},"datePublished":"2023-02-07T17:39:47+00:00","dateModified":"2024-02-13T14:22:32+00:00","breadcrumb":{"@id":"https:\/\/montalassessorsiadvocats.com\/es\/politica-de-privacidad\/#breadcrumb"},"inLanguage":"es","potentialAction":[{"@type":"ReadAction","target":["https:\/\/montalassessorsiadvocats.com\/es\/politica-de-privacidad\/"]}]},{"@type":"BreadcrumbList","@id":"https:\/\/montalassessorsiadvocats.com\/es\/politica-de-privacidad\/#breadcrumb","itemListElement":[{"@type":"ListItem","position":1,"name":"Inici","item":"https:\/\/montalassessorsiadvocats.com\/es\/"},{"@type":"ListItem","position":2,"name":"Pol\u00edtica de privacidad"}]},{"@type":"WebSite","@id":"https:\/\/montalassessorsiadvocats.com\/es\/#website","url":"https:\/\/montalassessorsiadvocats.com\/es\/","name":"Montal Assessors i Advocats","description":"Assessoria fiscal, comptable, laboral, mercantil i jur\u00eddica a Sant Quirze","publisher":{"@id":"https:\/\/montalassessorsiadvocats.com\/es\/#organization"},"alternateName":"Montal Assessors","potentialAction":[{"@type":"SearchAction","target":{"@type":"EntryPoint","urlTemplate":"https:\/\/montalassessorsiadvocats.com\/es\/?s={search_term_string}"},"query-input":"required name=search_term_string"}],"inLanguage":"es"},{"@type":"Organization","@id":"https:\/\/montalassessorsiadvocats.com\/es\/#organization","name":"Montal Assessors i Advocats - Sant Quirze","alternateName":"Montal Assessors i Advocats","url":"https:\/\/montalassessorsiadvocats.com\/es\/","logo":{"@type":"ImageObject","inLanguage":"es","@id":"https:\/\/montalassessorsiadvocats.com\/es\/#\/schema\/logo\/image\/","url":"https:\/\/montalassessorsiadvocats.com\/wp-content\/uploads\/2024\/03\/logo-montal.jpg","contentUrl":"https:\/\/montalassessorsiadvocats.com\/wp-content\/uploads\/2024\/03\/logo-montal.jpg","width":696,"height":696,"caption":"Montal Assessors i Advocats - Sant Quirze"},"image":{"@id":"https:\/\/montalassessorsiadvocats.com\/es\/#\/schema\/logo\/image\/"}}]}},"_links":{"self":[{"href":"https:\/\/montalassessorsiadvocats.com\/es\/wp-json\/wp\/v2\/pages\/1572"}],"collection":[{"href":"https:\/\/montalassessorsiadvocats.com\/es\/wp-json\/wp\/v2\/pages"}],"about":[{"href":"https:\/\/montalassessorsiadvocats.com\/es\/wp-json\/wp\/v2\/types\/page"}],"author":[{"embeddable":true,"href":"https:\/\/montalassessorsiadvocats.com\/es\/wp-json\/wp\/v2\/users\/1"}],"replies":[{"embeddable":true,"href":"https:\/\/montalassessorsiadvocats.com\/es\/wp-json\/wp\/v2\/comments?post=1572"}],"version-history":[{"count":3,"href":"https:\/\/montalassessorsiadvocats.com\/es\/wp-json\/wp\/v2\/pages\/1572\/revisions"}],"predecessor-version":[{"id":2139,"href":"https:\/\/montalassessorsiadvocats.com\/es\/wp-json\/wp\/v2\/pages\/1572\/revisions\/2139"}],"wp:attachment":[{"href":"https:\/\/montalassessorsiadvocats.com\/es\/wp-json\/wp\/v2\/media?parent=1572"}],"curies":[{"name":"wp","href":"https:\/\/api.w.org\/{rel}","templated":true}]}}