{"id":1738,"date":"2023-02-08T16:24:51","date_gmt":"2023-02-08T14:24:51","guid":{"rendered":"https:\/\/montalassessorsiadvocats.com\/historia\/"},"modified":"2024-04-03T18:07:02","modified_gmt":"2024-04-03T16:07:02","slug":"historia","status":"publish","type":"page","link":"https:\/\/montalassessorsiadvocats.com\/es\/empresa\/historia\/","title":{"rendered":"Historia"},"content":{"rendered":"\t\t<div data-elementor-type=\"wp-page\" data-elementor-id=\"1738\" class=\"elementor elementor-1738 elementor-29\">\n\t\t\t\t\t\t<section class=\"elementor-section elementor-top-section elementor-element elementor-element-f6547ab elementor-section-boxed elementor-section-height-default elementor-section-height-default\" data-id=\"f6547ab\" data-element_type=\"section\">\n\t\t\t\t\t\t<div class=\"elementor-container elementor-column-gap-default\">\n\t\t\t\t\t<div class=\"elementor-column elementor-col-100 elementor-top-column elementor-element elementor-element-e868c59\" data-id=\"e868c59\" data-element_type=\"column\">\n\t\t\t<div class=\"elementor-widget-wrap elementor-element-populated\">\n\t\t\t\t\t\t<div class=\"elementor-element elementor-element-c578214 elementor-widget elementor-widget-image\" data-id=\"c578214\" data-element_type=\"widget\" data-widget_type=\"image.default\">\n\t\t\t\t<div class=\"elementor-widget-container\">\n\t\t\t<style>\/*! elementor - v3.20.0 - 11-03-2024 *\/\n.elementor-widget-image{text-align:center}.elementor-widget-image a{display:inline-block}.elementor-widget-image a img[src$=\".svg\"]{width:48px}.elementor-widget-image img{vertical-align:middle;display:inline-block}<\/style>\t\t\t\t\t\t\t\t\t\t<img fetchpriority=\"high\" decoding=\"async\" width=\"1400\" height=\"870\" src=\"https:\/\/montalassessorsiadvocats.com\/wp-content\/uploads\/2023\/02\/Socis-fundadors-montal-assessors-advocats.jpg\" class=\"attachment-full size-full wp-image-560\" alt=\"Socis fundadors Montal Assessors i Advocats\" srcset=\"https:\/\/montalassessorsiadvocats.com\/wp-content\/uploads\/2023\/02\/Socis-fundadors-montal-assessors-advocats.jpg 1400w, https:\/\/montalassessorsiadvocats.com\/wp-content\/uploads\/2023\/02\/Socis-fundadors-montal-assessors-advocats-300x186.jpg 300w, https:\/\/montalassessorsiadvocats.com\/wp-content\/uploads\/2023\/02\/Socis-fundadors-montal-assessors-advocats-1024x636.jpg 1024w, https:\/\/montalassessorsiadvocats.com\/wp-content\/uploads\/2023\/02\/Socis-fundadors-montal-assessors-advocats-768x477.jpg 768w\" sizes=\"(max-width: 1400px) 100vw, 1400px\" \/>\t\t\t\t\t\t\t\t\t\t\t\t\t<\/div>\n\t\t\t\t<\/div>\n\t\t\t\t<div class=\"elementor-element elementor-element-2941568 elementor-widget elementor-widget-heading\" data-id=\"2941568\" data-element_type=\"widget\" data-widget_type=\"heading.default\">\n\t\t\t\t<div class=\"elementor-widget-container\">\n\t\t\t<style>\/*! elementor - v3.20.0 - 11-03-2024 *\/\n.elementor-heading-title{padding:0;margin:0;line-height:1}.elementor-widget-heading .elementor-heading-title[class*=elementor-size-]>a{color:inherit;font-size:inherit;line-height:inherit}.elementor-widget-heading .elementor-heading-title.elementor-size-small{font-size:15px}.elementor-widget-heading .elementor-heading-title.elementor-size-medium{font-size:19px}.elementor-widget-heading .elementor-heading-title.elementor-size-large{font-size:29px}.elementor-widget-heading .elementor-heading-title.elementor-size-xl{font-size:39px}.elementor-widget-heading .elementor-heading-title.elementor-size-xxl{font-size:59px}<\/style><h2 class=\"elementor-heading-title elementor-size-default\">Un servicio basado en el trato directo, la proximidad, la dedicaci\u00f3n y sobre todo la profesionalidad<\/h2>\t\t<\/div>\n\t\t\t\t<\/div>\n\t\t\t\t<div class=\"elementor-element elementor-element-1e7fedf elementor-widget elementor-widget-text-editor\" data-id=\"1e7fedf\" data-element_type=\"widget\" data-widget_type=\"text-editor.default\">\n\t\t\t\t<div class=\"elementor-widget-container\">\n\t\t\t<style>\/*! elementor - v3.20.0 - 11-03-2024 *\/\n.elementor-widget-text-editor.elementor-drop-cap-view-stacked .elementor-drop-cap{background-color:#69727d;color:#fff}.elementor-widget-text-editor.elementor-drop-cap-view-framed .elementor-drop-cap{color:#69727d;border:3px solid;background-color:transparent}.elementor-widget-text-editor:not(.elementor-drop-cap-view-default) .elementor-drop-cap{margin-top:8px}.elementor-widget-text-editor:not(.elementor-drop-cap-view-default) .elementor-drop-cap-letter{width:1em;height:1em}.elementor-widget-text-editor .elementor-drop-cap{float:left;text-align:center;line-height:1;font-size:50px}.elementor-widget-text-editor .elementor-drop-cap-letter{display:inline-block}<\/style>\t\t\t\t<p>La firma Montal naci\u00f3 en abril de 1994, gracias a los hoy socios fundadores, los Sres Francisco Aljama y Sagrario Montiel. El objetivo era claro, ofrecer a empresarios y particulares vinculados al municipio de forma personal o mediante sus negocios un servicio de asesoramiento integral de calidad y personalizado.<\/p><p>La empresa cont\u00f3 en sus primeros a\u00f1os de actividad con la implicaci\u00f3n de toda la familia Aljama-Montiel, que dot\u00f3 a la empresa de un marcado car\u00e1cter familiar que todav\u00eda hoy perdura y del que nos enorgullecemos.<\/p><p>Como resultado a un grand\u00edsimo esfuerzo y sacrificio en el que siempre se prioriz\u00f3 el servicio al cliente, Montal fue creciendo hasta que, en 1997, traslad\u00f3 sus oficinas a la Rambla Llu\u00eds Companys, lugar que es hoy sin duda el centro neur\u00e1lgico de <strong>Sant Quirze del Vall\u00e8s<\/strong> y en el que actualmente radica la sede principal de la empresa.<\/p><p>A lo largo de los a\u00f1os, el equipo de Montal Assessors i Advocats ha ido en aumento hasta el punto de que fruto del esfuerzo y la dedicaci\u00f3n podemos decir orgullosos que contamos actualmente con un amplio equipo de personas, todos ellos con el mismo denominador com\u00fan, ofrecerle el mejor servicio a nuestros clientes, un servicio basado en el <strong>trato directo<\/strong>, la proximidad, la dedicaci\u00f3n y sobre todo la profesionalidad.<\/p><p>Con 30 a\u00f1os de actividad profesional, Montal assessors i Advocats ha consolidando su trayectoria <strong>empresarial y profesional<\/strong> y que sin duda, la experiencia y la profesionalidad supone uno de nuestros mayores activos.<\/p><p>Llegados aqu\u00ed, queremos mostrar nuestro agradecimiento a todos aquellos que han hecho posible que la firma MONTAL sea <strong>un referente de calidad<\/strong>, nos referimos en primer lugar, a todos nuestros clientes, a quienes lo son ya quienes alg\u00fan d\u00eda lo fueron y a los que a lo largo de estos 30 a\u00f1os han colaborado con nosotros de una forma u otra y sin duda a todos aquellos que en un futuro conoceremos.<\/p>\t\t\t\t\t\t<\/div>\n\t\t\t\t<\/div>\n\t\t\t\t\t<\/div>\n\t\t<\/div>\n\t\t\t\t\t<\/div>\n\t\t<\/section>\n\t\t\t\t<\/div>\n\t\t","protected":false},"excerpt":{"rendered":"<p>Un servicio basado en el trato directo, la proximidad, la dedicaci\u00f3n y sobre todo la profesionalidad La firma Montal naci\u00f3 en abril de 1994, gracias a los hoy socios fundadores, los Sres Francisco Aljama y Sagrario Montiel. El objetivo era claro, ofrecer a empresarios y particulares vinculados al municipio de forma personal o mediante sus [&hellip;]<\/p>\n","protected":false},"author":1,"featured_media":0,"parent":1740,"menu_order":0,"comment_status":"closed","ping_status":"closed","template":"","meta":{"_acf_changed":false,"footnotes":""},"acf":[],"yoast_head":"<!-- This site is optimized with the Yoast SEO plugin v22.8 - https:\/\/yoast.com\/wordpress\/plugins\/seo\/ -->\n<title>Historia - Montal Assessors i Advocats<\/title>\n<meta name=\"description\" content=\"Montal Assessors i Advocats con m\u00e1s de 30 a\u00f1os de experiencia ofreciendo un servicio basado en el trato directo y la proximidad.\" \/>\n<meta name=\"robots\" content=\"index, follow, max-snippet:-1, max-image-preview:large, max-video-preview:-1\" \/>\n<link rel=\"canonical\" href=\"https:\/\/montalassessorsiadvocats.com\/es\/empresa\/historia\/\" \/>\n<meta property=\"og:locale\" content=\"es_ES\" \/>\n<meta property=\"og:type\" content=\"article\" \/>\n<meta property=\"og:title\" content=\"Historia - Montal Assessors i Advocats\" \/>\n<meta property=\"og:description\" content=\"Montal Assessors i Advocats con m\u00e1s de 30 a\u00f1os de experiencia ofreciendo un servicio basado en el trato directo y la proximidad.\" \/>\n<meta property=\"og:url\" content=\"https:\/\/montalassessorsiadvocats.com\/es\/empresa\/historia\/\" \/>\n<meta property=\"og:site_name\" content=\"Montal Assessors i Advocats\" \/>\n<meta property=\"article:modified_time\" content=\"2024-04-03T16:07:02+00:00\" \/>\n<meta property=\"og:image\" content=\"https:\/\/montalassessorsiadvocats.com\/wp-content\/uploads\/2023\/02\/Socis-fundadors-montal-assessors-advocats.jpg\" \/>\n<meta name=\"twitter:card\" content=\"summary_large_image\" \/>\n<meta name=\"twitter:label1\" content=\"Tiempo de lectura\" \/>\n\t<meta name=\"twitter:data1\" content=\"3 minutos\" \/>\n<script type=\"application\/ld+json\" class=\"yoast-schema-graph\">{\"@context\":\"https:\/\/schema.org\",\"@graph\":[{\"@type\":\"WebPage\",\"@id\":\"https:\/\/montalassessorsiadvocats.com\/es\/empresa\/historia\/\",\"url\":\"https:\/\/montalassessorsiadvocats.com\/es\/empresa\/historia\/\",\"name\":\"Historia - Montal Assessors i Advocats\",\"isPartOf\":{\"@id\":\"https:\/\/montalassessorsiadvocats.com\/es\/#website\"},\"primaryImageOfPage\":{\"@id\":\"https:\/\/montalassessorsiadvocats.com\/es\/empresa\/historia\/#primaryimage\"},\"image\":{\"@id\":\"https:\/\/montalassessorsiadvocats.com\/es\/empresa\/historia\/#primaryimage\"},\"thumbnailUrl\":\"https:\/\/montalassessorsiadvocats.com\/wp-content\/uploads\/2023\/02\/Socis-fundadors-montal-assessors-advocats.jpg\",\"datePublished\":\"2023-02-08T14:24:51+00:00\",\"dateModified\":\"2024-04-03T16:07:02+00:00\",\"description\":\"Montal Assessors i Advocats con m\u00e1s de 30 a\u00f1os de experiencia ofreciendo un servicio basado en el trato directo y la proximidad.\",\"breadcrumb\":{\"@id\":\"https:\/\/montalassessorsiadvocats.com\/es\/empresa\/historia\/#breadcrumb\"},\"inLanguage\":\"es\",\"potentialAction\":[{\"@type\":\"ReadAction\",\"target\":[\"https:\/\/montalassessorsiadvocats.com\/es\/empresa\/historia\/\"]}]},{\"@type\":\"ImageObject\",\"inLanguage\":\"es\",\"@id\":\"https:\/\/montalassessorsiadvocats.com\/es\/empresa\/historia\/#primaryimage\",\"url\":\"https:\/\/montalassessorsiadvocats.com\/wp-content\/uploads\/2023\/02\/Socis-fundadors-montal-assessors-advocats.jpg\",\"contentUrl\":\"https:\/\/montalassessorsiadvocats.com\/wp-content\/uploads\/2023\/02\/Socis-fundadors-montal-assessors-advocats.jpg\"},{\"@type\":\"BreadcrumbList\",\"@id\":\"https:\/\/montalassessorsiadvocats.com\/es\/empresa\/historia\/#breadcrumb\",\"itemListElement\":[{\"@type\":\"ListItem\",\"position\":1,\"name\":\"Inici\",\"item\":\"https:\/\/montalassessorsiadvocats.com\/es\/\"},{\"@type\":\"ListItem\",\"position\":2,\"name\":\"Empresa\",\"item\":\"https:\/\/montalassessorsiadvocats.com\/es\/empresa\/\"},{\"@type\":\"ListItem\",\"position\":3,\"name\":\"Historia\"}]},{\"@type\":\"WebSite\",\"@id\":\"https:\/\/montalassessorsiadvocats.com\/es\/#website\",\"url\":\"https:\/\/montalassessorsiadvocats.com\/es\/\",\"name\":\"Montal Assessors i Advocats\",\"description\":\"Assessoria fiscal, comptable, laboral, mercantil i jur\u00eddica a Sant Quirze\",\"publisher\":{\"@id\":\"https:\/\/montalassessorsiadvocats.com\/es\/#organization\"},\"alternateName\":\"Montal Assessors\",\"potentialAction\":[{\"@type\":\"SearchAction\",\"target\":{\"@type\":\"EntryPoint\",\"urlTemplate\":\"https:\/\/montalassessorsiadvocats.com\/es\/?s={search_term_string}\"},\"query-input\":\"required name=search_term_string\"}],\"inLanguage\":\"es\"},{\"@type\":\"Organization\",\"@id\":\"https:\/\/montalassessorsiadvocats.com\/es\/#organization\",\"name\":\"Montal Assessors i Advocats - Sant Quirze\",\"alternateName\":\"Montal Assessors i Advocats\",\"url\":\"https:\/\/montalassessorsiadvocats.com\/es\/\",\"logo\":{\"@type\":\"ImageObject\",\"inLanguage\":\"es\",\"@id\":\"https:\/\/montalassessorsiadvocats.com\/es\/#\/schema\/logo\/image\/\",\"url\":\"https:\/\/montalassessorsiadvocats.com\/wp-content\/uploads\/2024\/03\/logo-montal.jpg\",\"contentUrl\":\"https:\/\/montalassessorsiadvocats.com\/wp-content\/uploads\/2024\/03\/logo-montal.jpg\",\"width\":696,\"height\":696,\"caption\":\"Montal Assessors i Advocats - Sant Quirze\"},\"image\":{\"@id\":\"https:\/\/montalassessorsiadvocats.com\/es\/#\/schema\/logo\/image\/\"}}]}<\/script>\n<!-- \/ Yoast SEO plugin. -->","yoast_head_json":{"title":"Historia - Montal Assessors i Advocats","description":"Montal Assessors i Advocats con m\u00e1s de 30 a\u00f1os de experiencia ofreciendo un servicio basado en el trato directo y la proximidad.","robots":{"index":"index","follow":"follow","max-snippet":"max-snippet:-1","max-image-preview":"max-image-preview:large","max-video-preview":"max-video-preview:-1"},"canonical":"https:\/\/montalassessorsiadvocats.com\/es\/empresa\/historia\/","og_locale":"es_ES","og_type":"article","og_title":"Historia - Montal Assessors i Advocats","og_description":"Montal Assessors i Advocats con m\u00e1s de 30 a\u00f1os de experiencia ofreciendo un servicio basado en el trato directo y la proximidad.","og_url":"https:\/\/montalassessorsiadvocats.com\/es\/empresa\/historia\/","og_site_name":"Montal Assessors i Advocats","article_modified_time":"2024-04-03T16:07:02+00:00","og_image":[{"url":"https:\/\/montalassessorsiadvocats.com\/wp-content\/uploads\/2023\/02\/Socis-fundadors-montal-assessors-advocats.jpg"}],"twitter_card":"summary_large_image","twitter_misc":{"Tiempo de lectura":"3 minutos"},"schema":{"@context":"https:\/\/schema.org","@graph":[{"@type":"WebPage","@id":"https:\/\/montalassessorsiadvocats.com\/es\/empresa\/historia\/","url":"https:\/\/montalassessorsiadvocats.com\/es\/empresa\/historia\/","name":"Historia - Montal Assessors i Advocats","isPartOf":{"@id":"https:\/\/montalassessorsiadvocats.com\/es\/#website"},"primaryImageOfPage":{"@id":"https:\/\/montalassessorsiadvocats.com\/es\/empresa\/historia\/#primaryimage"},"image":{"@id":"https:\/\/montalassessorsiadvocats.com\/es\/empresa\/historia\/#primaryimage"},"thumbnailUrl":"https:\/\/montalassessorsiadvocats.com\/wp-content\/uploads\/2023\/02\/Socis-fundadors-montal-assessors-advocats.jpg","datePublished":"2023-02-08T14:24:51+00:00","dateModified":"2024-04-03T16:07:02+00:00","description":"Montal Assessors i Advocats con m\u00e1s de 30 a\u00f1os de experiencia ofreciendo un servicio basado en el trato directo y la proximidad.","breadcrumb":{"@id":"https:\/\/montalassessorsiadvocats.com\/es\/empresa\/historia\/#breadcrumb"},"inLanguage":"es","potentialAction":[{"@type":"ReadAction","target":["https:\/\/montalassessorsiadvocats.com\/es\/empresa\/historia\/"]}]},{"@type":"ImageObject","inLanguage":"es","@id":"https:\/\/montalassessorsiadvocats.com\/es\/empresa\/historia\/#primaryimage","url":"https:\/\/montalassessorsiadvocats.com\/wp-content\/uploads\/2023\/02\/Socis-fundadors-montal-assessors-advocats.jpg","contentUrl":"https:\/\/montalassessorsiadvocats.com\/wp-content\/uploads\/2023\/02\/Socis-fundadors-montal-assessors-advocats.jpg"},{"@type":"BreadcrumbList","@id":"https:\/\/montalassessorsiadvocats.com\/es\/empresa\/historia\/#breadcrumb","itemListElement":[{"@type":"ListItem","position":1,"name":"Inici","item":"https:\/\/montalassessorsiadvocats.com\/es\/"},{"@type":"ListItem","position":2,"name":"Empresa","item":"https:\/\/montalassessorsiadvocats.com\/es\/empresa\/"},{"@type":"ListItem","position":3,"name":"Historia"}]},{"@type":"WebSite","@id":"https:\/\/montalassessorsiadvocats.com\/es\/#website","url":"https:\/\/montalassessorsiadvocats.com\/es\/","name":"Montal Assessors i Advocats","description":"Assessoria fiscal, comptable, laboral, mercantil i jur\u00eddica a Sant Quirze","publisher":{"@id":"https:\/\/montalassessorsiadvocats.com\/es\/#organization"},"alternateName":"Montal Assessors","potentialAction":[{"@type":"SearchAction","target":{"@type":"EntryPoint","urlTemplate":"https:\/\/montalassessorsiadvocats.com\/es\/?s={search_term_string}"},"query-input":"required name=search_term_string"}],"inLanguage":"es"},{"@type":"Organization","@id":"https:\/\/montalassessorsiadvocats.com\/es\/#organization","name":"Montal Assessors i Advocats - Sant Quirze","alternateName":"Montal Assessors i Advocats","url":"https:\/\/montalassessorsiadvocats.com\/es\/","logo":{"@type":"ImageObject","inLanguage":"es","@id":"https:\/\/montalassessorsiadvocats.com\/es\/#\/schema\/logo\/image\/","url":"https:\/\/montalassessorsiadvocats.com\/wp-content\/uploads\/2024\/03\/logo-montal.jpg","contentUrl":"https:\/\/montalassessorsiadvocats.com\/wp-content\/uploads\/2024\/03\/logo-montal.jpg","width":696,"height":696,"caption":"Montal Assessors i Advocats - Sant Quirze"},"image":{"@id":"https:\/\/montalassessorsiadvocats.com\/es\/#\/schema\/logo\/image\/"}}]}},"_links":{"self":[{"href":"https:\/\/montalassessorsiadvocats.com\/es\/wp-json\/wp\/v2\/pages\/1738"}],"collection":[{"href":"https:\/\/montalassessorsiadvocats.com\/es\/wp-json\/wp\/v2\/pages"}],"about":[{"href":"https:\/\/montalassessorsiadvocats.com\/es\/wp-json\/wp\/v2\/types\/page"}],"author":[{"embeddable":true,"href":"https:\/\/montalassessorsiadvocats.com\/es\/wp-json\/wp\/v2\/users\/1"}],"replies":[{"embeddable":true,"href":"https:\/\/montalassessorsiadvocats.com\/es\/wp-json\/wp\/v2\/comments?post=1738"}],"version-history":[{"count":2,"href":"https:\/\/montalassessorsiadvocats.com\/es\/wp-json\/wp\/v2\/pages\/1738\/revisions"}],"predecessor-version":[{"id":2269,"href":"https:\/\/montalassessorsiadvocats.com\/es\/wp-json\/wp\/v2\/pages\/1738\/revisions\/2269"}],"up":[{"embeddable":true,"href":"https:\/\/montalassessorsiadvocats.com\/es\/wp-json\/wp\/v2\/pages\/1740"}],"wp:attachment":[{"href":"https:\/\/montalassessorsiadvocats.com\/es\/wp-json\/wp\/v2\/media?parent=1738"}],"curies":[{"name":"wp","href":"https:\/\/api.w.org\/{rel}","templated":true}]}}