{"id":1740,"date":"2023-02-08T16:24:14","date_gmt":"2023-02-08T14:24:14","guid":{"rendered":"https:\/\/montalassessorsiadvocats.com\/empresa\/"},"modified":"2024-04-03T17:15:34","modified_gmt":"2024-04-03T15:15:34","slug":"empresa","status":"publish","type":"page","link":"https:\/\/montalassessorsiadvocats.com\/es\/empresa\/","title":{"rendered":"Empresa"},"content":{"rendered":"\t\t<div data-elementor-type=\"wp-page\" data-elementor-id=\"1740\" class=\"elementor elementor-1740 elementor-27\">\n\t\t\t\t\t\t<section class=\"elementor-section elementor-top-section elementor-element elementor-element-6e85fbf elementor-section-boxed elementor-section-height-default elementor-section-height-default\" data-id=\"6e85fbf\" data-element_type=\"section\">\n\t\t\t\t\t\t<div class=\"elementor-container elementor-column-gap-default\">\n\t\t\t\t\t<div class=\"elementor-column elementor-col-100 elementor-top-column elementor-element elementor-element-365d790\" data-id=\"365d790\" data-element_type=\"column\">\n\t\t\t<div class=\"elementor-widget-wrap elementor-element-populated\">\n\t\t\t\t\t\t<div class=\"elementor-element elementor-element-3c82e6e elementor-widget elementor-widget-heading\" data-id=\"3c82e6e\" data-element_type=\"widget\" data-widget_type=\"heading.default\">\n\t\t\t\t<div class=\"elementor-widget-container\">\n\t\t\t<style>\/*! elementor - v3.20.0 - 11-03-2024 *\/\n.elementor-heading-title{padding:0;margin:0;line-height:1}.elementor-widget-heading .elementor-heading-title[class*=elementor-size-]>a{color:inherit;font-size:inherit;line-height:inherit}.elementor-widget-heading .elementor-heading-title.elementor-size-small{font-size:15px}.elementor-widget-heading .elementor-heading-title.elementor-size-medium{font-size:19px}.elementor-widget-heading .elementor-heading-title.elementor-size-large{font-size:29px}.elementor-widget-heading .elementor-heading-title.elementor-size-xl{font-size:39px}.elementor-widget-heading .elementor-heading-title.elementor-size-xxl{font-size:59px}<\/style><h2 class=\"elementor-heading-title elementor-size-default\">Asesoramiento integral y personalizado<\/h2>\t\t<\/div>\n\t\t\t\t<\/div>\n\t\t\t\t<div class=\"elementor-element elementor-element-24da86b elementor-widget elementor-widget-text-editor\" data-id=\"24da86b\" data-element_type=\"widget\" data-widget_type=\"text-editor.default\">\n\t\t\t\t<div class=\"elementor-widget-container\">\n\t\t\t<style>\/*! elementor - v3.20.0 - 11-03-2024 *\/\n.elementor-widget-text-editor.elementor-drop-cap-view-stacked .elementor-drop-cap{background-color:#69727d;color:#fff}.elementor-widget-text-editor.elementor-drop-cap-view-framed .elementor-drop-cap{color:#69727d;border:3px solid;background-color:transparent}.elementor-widget-text-editor:not(.elementor-drop-cap-view-default) .elementor-drop-cap{margin-top:8px}.elementor-widget-text-editor:not(.elementor-drop-cap-view-default) .elementor-drop-cap-letter{width:1em;height:1em}.elementor-widget-text-editor .elementor-drop-cap{float:left;text-align:center;line-height:1;font-size:50px}.elementor-widget-text-editor .elementor-drop-cap-letter{display:inline-block}<\/style>\t\t\t\t<p>Montal Assessors i Advocats es una empresa con sede en Sant Quirze del Vall\u00e8s, dedicada al asesoramiento fiscal, contable, laboral y jur\u00eddico de todo tipo de actividades profesionales y empresariales, con m\u00e1s de 30 a\u00f1os de experiencia en el sector.<\/p><p>Ofrecemos un sistema de <strong>asesoramiento integral y personalizado<\/strong> que permite a nuestros clientes centralizar sus recursos \u00fanicamente en el desarrollo y crecimiento de su negocio.<\/p>\t\t\t\t\t\t<\/div>\n\t\t\t\t<\/div>\n\t\t\t\t\t<\/div>\n\t\t<\/div>\n\t\t\t\t\t<\/div>\n\t\t<\/section>\n\t\t\t\t<section class=\"elementor-section elementor-top-section elementor-element elementor-element-5c44370 elementor-section-boxed elementor-section-height-default elementor-section-height-default\" data-id=\"5c44370\" data-element_type=\"section\">\n\t\t\t\t\t\t<div class=\"elementor-container elementor-column-gap-default\">\n\t\t\t\t\t<div class=\"elementor-column elementor-col-50 elementor-top-column elementor-element elementor-element-a94fc6a\" data-id=\"a94fc6a\" data-element_type=\"column\">\n\t\t\t<div class=\"elementor-widget-wrap elementor-element-populated\">\n\t\t\t\t\t\t<div class=\"elementor-element elementor-element-a15d837 elementor-widget elementor-widget-image\" data-id=\"a15d837\" data-element_type=\"widget\" data-widget_type=\"image.default\">\n\t\t\t\t<div class=\"elementor-widget-container\">\n\t\t\t<style>\/*! elementor - v3.20.0 - 11-03-2024 *\/\n.elementor-widget-image{text-align:center}.elementor-widget-image a{display:inline-block}.elementor-widget-image a img[src$=\".svg\"]{width:48px}.elementor-widget-image img{vertical-align:middle;display:inline-block}<\/style>\t\t\t\t\t\t\t\t\t\t<img fetchpriority=\"high\" decoding=\"async\" width=\"768\" height=\"512\" src=\"https:\/\/montalassessorsiadvocats.com\/wp-content\/uploads\/2024\/04\/Montal-Assessoria-Fiscal-i-Advocats-768x512.jpg\" class=\"attachment-medium_large size-medium_large wp-image-2216\" alt=\"Montal Assessoria Fiscal i Advocats\" srcset=\"https:\/\/montalassessorsiadvocats.com\/wp-content\/uploads\/2024\/04\/Montal-Assessoria-Fiscal-i-Advocats-768x512.jpg 768w, https:\/\/montalassessorsiadvocats.com\/wp-content\/uploads\/2024\/04\/Montal-Assessoria-Fiscal-i-Advocats-300x200.jpg 300w, https:\/\/montalassessorsiadvocats.com\/wp-content\/uploads\/2024\/04\/Montal-Assessoria-Fiscal-i-Advocats-1024x683.jpg 1024w, https:\/\/montalassessorsiadvocats.com\/wp-content\/uploads\/2024\/04\/Montal-Assessoria-Fiscal-i-Advocats.jpg 1200w\" sizes=\"(max-width: 768px) 100vw, 768px\" \/>\t\t\t\t\t\t\t\t\t\t\t\t\t<\/div>\n\t\t\t\t<\/div>\n\t\t\t\t\t<\/div>\n\t\t<\/div>\n\t\t\t\t<div class=\"elementor-column elementor-col-50 elementor-top-column elementor-element elementor-element-9c31c5d\" data-id=\"9c31c5d\" data-element_type=\"column\">\n\t\t\t<div class=\"elementor-widget-wrap elementor-element-populated\">\n\t\t\t\t\t\t<div class=\"elementor-element elementor-element-fc74b88 elementor-widget elementor-widget-image\" data-id=\"fc74b88\" data-element_type=\"widget\" data-widget_type=\"image.default\">\n\t\t\t\t<div class=\"elementor-widget-container\">\n\t\t\t\t\t\t\t\t\t\t\t\t\t<img decoding=\"async\" width=\"768\" height=\"512\" src=\"https:\/\/montalassessorsiadvocats.com\/wp-content\/uploads\/2024\/04\/Asesoria-Juridica-Abogados-Sant-Quirze-768x512.jpg\" class=\"attachment-medium_large size-medium_large wp-image-2221\" alt=\"Asesoria Juridica-Abogados Sant-Quirze\" srcset=\"https:\/\/montalassessorsiadvocats.com\/wp-content\/uploads\/2024\/04\/Asesoria-Juridica-Abogados-Sant-Quirze-768x512.jpg 768w, https:\/\/montalassessorsiadvocats.com\/wp-content\/uploads\/2024\/04\/Asesoria-Juridica-Abogados-Sant-Quirze-300x200.jpg 300w, https:\/\/montalassessorsiadvocats.com\/wp-content\/uploads\/2024\/04\/Asesoria-Juridica-Abogados-Sant-Quirze-1024x683.jpg 1024w, https:\/\/montalassessorsiadvocats.com\/wp-content\/uploads\/2024\/04\/Asesoria-Juridica-Abogados-Sant-Quirze.jpg 1200w\" sizes=\"(max-width: 768px) 100vw, 768px\" \/>\t\t\t\t\t\t\t\t\t\t\t\t\t<\/div>\n\t\t\t\t<\/div>\n\t\t\t\t\t<\/div>\n\t\t<\/div>\n\t\t\t\t\t<\/div>\n\t\t<\/section>\n\t\t\t\t<section class=\"elementor-section elementor-top-section elementor-element elementor-element-eb4fe78 elementor-section-boxed elementor-section-height-default elementor-section-height-default\" data-id=\"eb4fe78\" data-element_type=\"section\">\n\t\t\t\t\t\t<div class=\"elementor-container elementor-column-gap-default\">\n\t\t\t\t\t<div class=\"elementor-column elementor-col-100 elementor-top-column elementor-element elementor-element-9a0a26b\" data-id=\"9a0a26b\" data-element_type=\"column\">\n\t\t\t<div class=\"elementor-widget-wrap elementor-element-populated\">\n\t\t\t\t\t\t<div class=\"elementor-element elementor-element-56e4834 elementor-widget elementor-widget-spacer\" data-id=\"56e4834\" data-element_type=\"widget\" data-widget_type=\"spacer.default\">\n\t\t\t\t<div class=\"elementor-widget-container\">\n\t\t\t<style>\/*! elementor - v3.20.0 - 11-03-2024 *\/\n.elementor-column .elementor-spacer-inner{height:var(--spacer-size)}.e-con{--container-widget-width:100%}.e-con-inner>.elementor-widget-spacer,.e-con>.elementor-widget-spacer{width:var(--container-widget-width,var(--spacer-size));--align-self:var(--container-widget-align-self,initial);--flex-shrink:0}.e-con-inner>.elementor-widget-spacer>.elementor-widget-container,.e-con>.elementor-widget-spacer>.elementor-widget-container{height:100%;width:100%}.e-con-inner>.elementor-widget-spacer>.elementor-widget-container>.elementor-spacer,.e-con>.elementor-widget-spacer>.elementor-widget-container>.elementor-spacer{height:100%}.e-con-inner>.elementor-widget-spacer>.elementor-widget-container>.elementor-spacer>.elementor-spacer-inner,.e-con>.elementor-widget-spacer>.elementor-widget-container>.elementor-spacer>.elementor-spacer-inner{height:var(--container-widget-height,var(--spacer-size))}.e-con-inner>.elementor-widget-spacer.elementor-widget-empty,.e-con>.elementor-widget-spacer.elementor-widget-empty{position:relative;min-height:22px;min-width:22px}.e-con-inner>.elementor-widget-spacer.elementor-widget-empty .elementor-widget-empty-icon,.e-con>.elementor-widget-spacer.elementor-widget-empty .elementor-widget-empty-icon{position:absolute;top:0;bottom:0;left:0;right:0;margin:auto;padding:0;width:22px;height:22px}<\/style>\t\t<div class=\"elementor-spacer\">\n\t\t\t<div class=\"elementor-spacer-inner\"><\/div>\n\t\t<\/div>\n\t\t\t\t<\/div>\n\t\t\t\t<\/div>\n\t\t\t\t<div class=\"elementor-element elementor-element-f1c1285 elementor-widget elementor-widget-text-editor\" data-id=\"f1c1285\" data-element_type=\"widget\" data-widget_type=\"text-editor.default\">\n\t\t\t\t<div class=\"elementor-widget-container\">\n\t\t\t\t\t\t\t<p><span style=\"color: var( --e-global-color-text ); font-family: var( --e-global-typography-text-font-family ), Sans-serif; font-weight: var( --e-global-typography-text-font-weight ); font-size: 1rem;\">Cada vez m\u00e1s, los empresarios se ven sometidos a continuos cambios normativos que afectan a sus negocios. Por este motivo, es imprescindible contar con un <\/span><strong style=\"color: var( --e-global-color-text ); font-family: var( --e-global-typography-text-font-family ), Sans-serif; font-size: 1rem;\">servicio de asesoramiento<\/strong><span style=\"color: var( --e-global-color-text ); font-family: var( --e-global-typography-text-font-family ), Sans-serif; font-weight: var( --e-global-typography-text-font-weight ); font-size: 1rem;\"> de confianza. Adem\u00e1s de ofrecer una informaci\u00f3n r\u00e1pida y actualizada, debe permitir al cliente contar en todo momento con las posibilidades que ofrece el marco legal.<\/span><\/p><p>En Montal Assessors i Advocats, ofrecemos un servicio r\u00e1pido, eficaz, personalizado, confidencial y sobre todo profesional, para conseguir el m\u00e1ximo rendimiento y satisfacci\u00f3n de nuestros clientes.<\/p><p>Adem\u00e1s de nuestra dilatada experiencia, nos avala adem\u00e1s un s\u00f3lido equipo de profesionales que sabr\u00e1 en todo momento, ofrecerle a usted y su empresa lo que necesite.<\/p>\t\t\t\t\t\t<\/div>\n\t\t\t\t<\/div>\n\t\t\t\t\t<\/div>\n\t\t<\/div>\n\t\t\t\t\t<\/div>\n\t\t<\/section>\n\t\t\t\t<\/div>\n\t\t","protected":false},"excerpt":{"rendered":"<p>Asesoramiento integral y personalizado Montal Assessors i Advocats es una empresa con sede en Sant Quirze del Vall\u00e8s, dedicada al asesoramiento fiscal, contable, laboral y jur\u00eddico de todo tipo de actividades profesionales y empresariales, con m\u00e1s de 30 a\u00f1os de experiencia en el sector. Ofrecemos un sistema de asesoramiento integral y personalizado que permite a [&hellip;]<\/p>\n","protected":false},"author":1,"featured_media":1457,"parent":0,"menu_order":0,"comment_status":"closed","ping_status":"closed","template":"","meta":{"_acf_changed":false,"footnotes":""},"acf":[],"yoast_head":"<!-- This site is optimized with the Yoast SEO plugin v22.8 - https:\/\/yoast.com\/wordpress\/plugins\/seo\/ -->\n<title>Empresa - Montal Assessors i Advocats<\/title>\n<meta name=\"description\" content=\"30 a\u00f1os de experiencia dedicados al asesoramiento fiscal, contable, laboral y jur\u00eddico de todo tipo de actividades profesionales y empresa.\" \/>\n<meta name=\"robots\" content=\"index, follow, max-snippet:-1, max-image-preview:large, max-video-preview:-1\" \/>\n<link rel=\"canonical\" href=\"https:\/\/montalassessorsiadvocats.com\/es\/empresa\/\" \/>\n<meta property=\"og:locale\" content=\"es_ES\" \/>\n<meta property=\"og:type\" content=\"article\" \/>\n<meta property=\"og:title\" content=\"Empresa - Montal Assessors i Advocats\" \/>\n<meta property=\"og:description\" content=\"30 a\u00f1os de experiencia dedicados al asesoramiento fiscal, contable, laboral y jur\u00eddico de todo tipo de actividades profesionales y empresa.\" \/>\n<meta property=\"og:url\" content=\"https:\/\/montalassessorsiadvocats.com\/es\/empresa\/\" \/>\n<meta property=\"og:site_name\" content=\"Montal Assessors i Advocats\" \/>\n<meta property=\"article:modified_time\" content=\"2024-04-03T15:15:34+00:00\" \/>\n<meta property=\"og:image\" content=\"https:\/\/montalassessorsiadvocats.com\/wp-content\/uploads\/2023\/03\/Empresa-Montal-Assessors-i-Advocats-Sant-Quirze.jpeg\" \/>\n\t<meta property=\"og:image:width\" content=\"1600\" \/>\n\t<meta property=\"og:image:height\" content=\"1200\" \/>\n\t<meta property=\"og:image:type\" content=\"image\/jpeg\" \/>\n<meta name=\"twitter:card\" content=\"summary_large_image\" \/>\n<meta name=\"twitter:label1\" content=\"Tiempo de lectura\" \/>\n\t<meta name=\"twitter:data1\" content=\"2 minutos\" \/>\n<script type=\"application\/ld+json\" class=\"yoast-schema-graph\">{\"@context\":\"https:\/\/schema.org\",\"@graph\":[{\"@type\":\"WebPage\",\"@id\":\"https:\/\/montalassessorsiadvocats.com\/es\/empresa\/\",\"url\":\"https:\/\/montalassessorsiadvocats.com\/es\/empresa\/\",\"name\":\"Empresa - Montal Assessors i Advocats\",\"isPartOf\":{\"@id\":\"https:\/\/montalassessorsiadvocats.com\/es\/#website\"},\"primaryImageOfPage\":{\"@id\":\"https:\/\/montalassessorsiadvocats.com\/es\/empresa\/#primaryimage\"},\"image\":{\"@id\":\"https:\/\/montalassessorsiadvocats.com\/es\/empresa\/#primaryimage\"},\"thumbnailUrl\":\"https:\/\/montalassessorsiadvocats.com\/wp-content\/uploads\/2023\/03\/Empresa-Montal-Assessors-i-Advocats-Sant-Quirze.jpeg\",\"datePublished\":\"2023-02-08T14:24:14+00:00\",\"dateModified\":\"2024-04-03T15:15:34+00:00\",\"description\":\"30 a\u00f1os de experiencia dedicados al asesoramiento fiscal, contable, laboral y jur\u00eddico de todo tipo de actividades profesionales y empresa.\",\"breadcrumb\":{\"@id\":\"https:\/\/montalassessorsiadvocats.com\/es\/empresa\/#breadcrumb\"},\"inLanguage\":\"es\",\"potentialAction\":[{\"@type\":\"ReadAction\",\"target\":[\"https:\/\/montalassessorsiadvocats.com\/es\/empresa\/\"]}]},{\"@type\":\"ImageObject\",\"inLanguage\":\"es\",\"@id\":\"https:\/\/montalassessorsiadvocats.com\/es\/empresa\/#primaryimage\",\"url\":\"https:\/\/montalassessorsiadvocats.com\/wp-content\/uploads\/2023\/03\/Empresa-Montal-Assessors-i-Advocats-Sant-Quirze.jpeg\",\"contentUrl\":\"https:\/\/montalassessorsiadvocats.com\/wp-content\/uploads\/2023\/03\/Empresa-Montal-Assessors-i-Advocats-Sant-Quirze.jpeg\",\"width\":1600,\"height\":1200,\"caption\":\"Empresa Montal Assessors i Advocats Sant Quirze\"},{\"@type\":\"BreadcrumbList\",\"@id\":\"https:\/\/montalassessorsiadvocats.com\/es\/empresa\/#breadcrumb\",\"itemListElement\":[{\"@type\":\"ListItem\",\"position\":1,\"name\":\"Inici\",\"item\":\"https:\/\/montalassessorsiadvocats.com\/es\/\"},{\"@type\":\"ListItem\",\"position\":2,\"name\":\"Empresa\"}]},{\"@type\":\"WebSite\",\"@id\":\"https:\/\/montalassessorsiadvocats.com\/es\/#website\",\"url\":\"https:\/\/montalassessorsiadvocats.com\/es\/\",\"name\":\"Montal Assessors i Advocats\",\"description\":\"Assessoria fiscal, comptable, laboral, mercantil i jur\u00eddica a Sant Quirze\",\"publisher\":{\"@id\":\"https:\/\/montalassessorsiadvocats.com\/es\/#organization\"},\"alternateName\":\"Montal Assessors\",\"potentialAction\":[{\"@type\":\"SearchAction\",\"target\":{\"@type\":\"EntryPoint\",\"urlTemplate\":\"https:\/\/montalassessorsiadvocats.com\/es\/?s={search_term_string}\"},\"query-input\":\"required name=search_term_string\"}],\"inLanguage\":\"es\"},{\"@type\":\"Organization\",\"@id\":\"https:\/\/montalassessorsiadvocats.com\/es\/#organization\",\"name\":\"Montal Assessors i Advocats - Sant Quirze\",\"alternateName\":\"Montal Assessors i Advocats\",\"url\":\"https:\/\/montalassessorsiadvocats.com\/es\/\",\"logo\":{\"@type\":\"ImageObject\",\"inLanguage\":\"es\",\"@id\":\"https:\/\/montalassessorsiadvocats.com\/es\/#\/schema\/logo\/image\/\",\"url\":\"https:\/\/montalassessorsiadvocats.com\/wp-content\/uploads\/2024\/03\/logo-montal.jpg\",\"contentUrl\":\"https:\/\/montalassessorsiadvocats.com\/wp-content\/uploads\/2024\/03\/logo-montal.jpg\",\"width\":696,\"height\":696,\"caption\":\"Montal Assessors i Advocats - Sant Quirze\"},\"image\":{\"@id\":\"https:\/\/montalassessorsiadvocats.com\/es\/#\/schema\/logo\/image\/\"}}]}<\/script>\n<!-- \/ Yoast SEO plugin. -->","yoast_head_json":{"title":"Empresa - Montal Assessors i Advocats","description":"30 a\u00f1os de experiencia dedicados al asesoramiento fiscal, contable, laboral y jur\u00eddico de todo tipo de actividades profesionales y empresa.","robots":{"index":"index","follow":"follow","max-snippet":"max-snippet:-1","max-image-preview":"max-image-preview:large","max-video-preview":"max-video-preview:-1"},"canonical":"https:\/\/montalassessorsiadvocats.com\/es\/empresa\/","og_locale":"es_ES","og_type":"article","og_title":"Empresa - Montal Assessors i Advocats","og_description":"30 a\u00f1os de experiencia dedicados al asesoramiento fiscal, contable, laboral y jur\u00eddico de todo tipo de actividades profesionales y empresa.","og_url":"https:\/\/montalassessorsiadvocats.com\/es\/empresa\/","og_site_name":"Montal Assessors i Advocats","article_modified_time":"2024-04-03T15:15:34+00:00","og_image":[{"width":1600,"height":1200,"url":"https:\/\/montalassessorsiadvocats.com\/wp-content\/uploads\/2023\/03\/Empresa-Montal-Assessors-i-Advocats-Sant-Quirze.jpeg","type":"image\/jpeg"}],"twitter_card":"summary_large_image","twitter_misc":{"Tiempo de lectura":"2 minutos"},"schema":{"@context":"https:\/\/schema.org","@graph":[{"@type":"WebPage","@id":"https:\/\/montalassessorsiadvocats.com\/es\/empresa\/","url":"https:\/\/montalassessorsiadvocats.com\/es\/empresa\/","name":"Empresa - Montal Assessors i Advocats","isPartOf":{"@id":"https:\/\/montalassessorsiadvocats.com\/es\/#website"},"primaryImageOfPage":{"@id":"https:\/\/montalassessorsiadvocats.com\/es\/empresa\/#primaryimage"},"image":{"@id":"https:\/\/montalassessorsiadvocats.com\/es\/empresa\/#primaryimage"},"thumbnailUrl":"https:\/\/montalassessorsiadvocats.com\/wp-content\/uploads\/2023\/03\/Empresa-Montal-Assessors-i-Advocats-Sant-Quirze.jpeg","datePublished":"2023-02-08T14:24:14+00:00","dateModified":"2024-04-03T15:15:34+00:00","description":"30 a\u00f1os de experiencia dedicados al asesoramiento fiscal, contable, laboral y jur\u00eddico de todo tipo de actividades profesionales y empresa.","breadcrumb":{"@id":"https:\/\/montalassessorsiadvocats.com\/es\/empresa\/#breadcrumb"},"inLanguage":"es","potentialAction":[{"@type":"ReadAction","target":["https:\/\/montalassessorsiadvocats.com\/es\/empresa\/"]}]},{"@type":"ImageObject","inLanguage":"es","@id":"https:\/\/montalassessorsiadvocats.com\/es\/empresa\/#primaryimage","url":"https:\/\/montalassessorsiadvocats.com\/wp-content\/uploads\/2023\/03\/Empresa-Montal-Assessors-i-Advocats-Sant-Quirze.jpeg","contentUrl":"https:\/\/montalassessorsiadvocats.com\/wp-content\/uploads\/2023\/03\/Empresa-Montal-Assessors-i-Advocats-Sant-Quirze.jpeg","width":1600,"height":1200,"caption":"Empresa Montal Assessors i Advocats Sant Quirze"},{"@type":"BreadcrumbList","@id":"https:\/\/montalassessorsiadvocats.com\/es\/empresa\/#breadcrumb","itemListElement":[{"@type":"ListItem","position":1,"name":"Inici","item":"https:\/\/montalassessorsiadvocats.com\/es\/"},{"@type":"ListItem","position":2,"name":"Empresa"}]},{"@type":"WebSite","@id":"https:\/\/montalassessorsiadvocats.com\/es\/#website","url":"https:\/\/montalassessorsiadvocats.com\/es\/","name":"Montal Assessors i Advocats","description":"Assessoria fiscal, comptable, laboral, mercantil i jur\u00eddica a Sant Quirze","publisher":{"@id":"https:\/\/montalassessorsiadvocats.com\/es\/#organization"},"alternateName":"Montal Assessors","potentialAction":[{"@type":"SearchAction","target":{"@type":"EntryPoint","urlTemplate":"https:\/\/montalassessorsiadvocats.com\/es\/?s={search_term_string}"},"query-input":"required name=search_term_string"}],"inLanguage":"es"},{"@type":"Organization","@id":"https:\/\/montalassessorsiadvocats.com\/es\/#organization","name":"Montal Assessors i Advocats - Sant Quirze","alternateName":"Montal Assessors i Advocats","url":"https:\/\/montalassessorsiadvocats.com\/es\/","logo":{"@type":"ImageObject","inLanguage":"es","@id":"https:\/\/montalassessorsiadvocats.com\/es\/#\/schema\/logo\/image\/","url":"https:\/\/montalassessorsiadvocats.com\/wp-content\/uploads\/2024\/03\/logo-montal.jpg","contentUrl":"https:\/\/montalassessorsiadvocats.com\/wp-content\/uploads\/2024\/03\/logo-montal.jpg","width":696,"height":696,"caption":"Montal Assessors i Advocats - Sant Quirze"},"image":{"@id":"https:\/\/montalassessorsiadvocats.com\/es\/#\/schema\/logo\/image\/"}}]}},"_links":{"self":[{"href":"https:\/\/montalassessorsiadvocats.com\/es\/wp-json\/wp\/v2\/pages\/1740"}],"collection":[{"href":"https:\/\/montalassessorsiadvocats.com\/es\/wp-json\/wp\/v2\/pages"}],"about":[{"href":"https:\/\/montalassessorsiadvocats.com\/es\/wp-json\/wp\/v2\/types\/page"}],"author":[{"embeddable":true,"href":"https:\/\/montalassessorsiadvocats.com\/es\/wp-json\/wp\/v2\/users\/1"}],"replies":[{"embeddable":true,"href":"https:\/\/montalassessorsiadvocats.com\/es\/wp-json\/wp\/v2\/comments?post=1740"}],"version-history":[{"count":3,"href":"https:\/\/montalassessorsiadvocats.com\/es\/wp-json\/wp\/v2\/pages\/1740\/revisions"}],"predecessor-version":[{"id":2229,"href":"https:\/\/montalassessorsiadvocats.com\/es\/wp-json\/wp\/v2\/pages\/1740\/revisions\/2229"}],"wp:featuredmedia":[{"embeddable":true,"href":"https:\/\/montalassessorsiadvocats.com\/es\/wp-json\/wp\/v2\/media\/1457"}],"wp:attachment":[{"href":"https:\/\/montalassessorsiadvocats.com\/es\/wp-json\/wp\/v2\/media?parent=1740"}],"curies":[{"name":"wp","href":"https:\/\/api.w.org\/{rel}","templated":true}]}}