{"id":1777,"date":"2023-02-08T16:20:50","date_gmt":"2023-02-08T14:20:50","guid":{"rendered":"https:\/\/montalassessorsiadvocats.com\/asesores\/asesoria-contable\/"},"modified":"2024-04-04T20:46:29","modified_gmt":"2024-04-04T18:46:29","slug":"asesoria-contable","status":"publish","type":"page","link":"https:\/\/montalassessorsiadvocats.com\/es\/servicios\/asesoria-contable\/","title":{"rendered":"Asesor\u00eda Contable"},"content":{"rendered":"\t\t<div data-elementor-type=\"wp-page\" data-elementor-id=\"1777\" class=\"elementor elementor-1777 elementor-19\">\n\t\t\t\t\t\t<section class=\"elementor-section elementor-top-section elementor-element elementor-element-fbc37c6 elementor-section-boxed elementor-section-height-default elementor-section-height-default\" data-id=\"fbc37c6\" data-element_type=\"section\">\n\t\t\t\t\t\t<div class=\"elementor-container elementor-column-gap-default\">\n\t\t\t\t\t<div class=\"elementor-column elementor-col-100 elementor-top-column elementor-element elementor-element-fb3b3ad\" data-id=\"fb3b3ad\" data-element_type=\"column\">\n\t\t\t<div class=\"elementor-widget-wrap elementor-element-populated\">\n\t\t\t\t\t\t<div class=\"elementor-element elementor-element-cec29a6 elementor-widget elementor-widget-heading\" data-id=\"cec29a6\" data-element_type=\"widget\" data-widget_type=\"heading.default\">\n\t\t\t\t<div class=\"elementor-widget-container\">\n\t\t\t<style>\/*! elementor - v3.20.0 - 11-03-2024 *\/\n.elementor-heading-title{padding:0;margin:0;line-height:1}.elementor-widget-heading .elementor-heading-title[class*=elementor-size-]>a{color:inherit;font-size:inherit;line-height:inherit}.elementor-widget-heading .elementor-heading-title.elementor-size-small{font-size:15px}.elementor-widget-heading .elementor-heading-title.elementor-size-medium{font-size:19px}.elementor-widget-heading .elementor-heading-title.elementor-size-large{font-size:29px}.elementor-widget-heading .elementor-heading-title.elementor-size-xl{font-size:39px}.elementor-widget-heading .elementor-heading-title.elementor-size-xxl{font-size:59px}<\/style><h2 class=\"elementor-heading-title elementor-size-default\">La contabilidad: un factor clave para el control financiero de su empresa<\/h2>\t\t<\/div>\n\t\t\t\t<\/div>\n\t\t\t\t<div class=\"elementor-element elementor-element-a74310b elementor-widget elementor-widget-text-editor\" data-id=\"a74310b\" data-element_type=\"widget\" data-widget_type=\"text-editor.default\">\n\t\t\t\t<div class=\"elementor-widget-container\">\n\t\t\t<style>\/*! elementor - v3.20.0 - 11-03-2024 *\/\n.elementor-widget-text-editor.elementor-drop-cap-view-stacked .elementor-drop-cap{background-color:#69727d;color:#fff}.elementor-widget-text-editor.elementor-drop-cap-view-framed .elementor-drop-cap{color:#69727d;border:3px solid;background-color:transparent}.elementor-widget-text-editor:not(.elementor-drop-cap-view-default) .elementor-drop-cap{margin-top:8px}.elementor-widget-text-editor:not(.elementor-drop-cap-view-default) .elementor-drop-cap-letter{width:1em;height:1em}.elementor-widget-text-editor .elementor-drop-cap{float:left;text-align:center;line-height:1;font-size:50px}.elementor-widget-text-editor .elementor-drop-cap-letter{display:inline-block}<\/style>\t\t\t\t<p>La asesor\u00eda contable es imprescindible para cualquier negocio o empresa. La experiencia nos ha ense\u00f1ado que cada cliente necesita un <strong>servicio personalizado<\/strong>. Conscientes de esta realidad, Montal Assessors i Advocats puede realizar la <strong>contabilidad<\/strong> completa de su empresa partiendo \u00fanicamente de los datos que el cliente facilite (extractos bancarios, facturas emitidas y recibidas, etc\u2026) para <strong>aliviar al cliente<\/strong> de \u00e9sta ardua tarea.<\/p>\n<p>La gesti\u00f3n contable es una tarea clave para cualquier empresa, puesto que ofrece una visi\u00f3n precisa de su salud financiera. Por eso, es importante que la contabilidad sea la imagen fiel de la realidad de su empresa, y para ello es necesario confiar en un profesional experimentado y de confianza.<\/p>\n<p>Un contable competente debe garantizar que los balances se entreguen peri\u00f3dicamente para el correcto control del estado contable de su empresa. Esto ayuda a identificar cualquier desviaci\u00f3n o problema y tomar las medidas adecuadas para resolverlo.<br \/>\nAdem\u00e1s, es crucial que los libros contables est\u00e9n actualizados de forma permanente y legalizados frente al Registro Mercantil. Esto debe hacerse en los diferentes formatos permitidos para asegurar que la informaci\u00f3n sea precisa y fiable.<\/p>\n<p>En resumen, si usted desea mantener la salud financiera de su empresa, es importante contar con un profesional competente y de confianza. Montal Assessors se encarga de la gesti\u00f3n contable y garantiza que los balances se entreguen peri\u00f3dicamente y los libros contables est\u00e9n actualizados y legalizados ante el Registro Mercantil. Esto ayudar\u00e1 a tener una imagen fiel de la realidad de su empresa y tomar decisiones informadas y efectivas.<\/p>\n\t\t\t\t\t\t<\/div>\n\t\t\t\t<\/div>\n\t\t\t\t<div class=\"elementor-element elementor-element-e722055 elementor-widget elementor-widget-heading\" data-id=\"e722055\" data-element_type=\"widget\" data-widget_type=\"heading.default\">\n\t\t\t\t<div class=\"elementor-widget-container\">\n\t\t\t<h2 class=\"elementor-heading-title elementor-size-default\">El acceso f\u00e1cil y r\u00e1pido a tu contabilidad<\/h2>\t\t<\/div>\n\t\t\t\t<\/div>\n\t\t\t\t<div class=\"elementor-element elementor-element-c3ebc25 elementor-widget elementor-widget-text-editor\" data-id=\"c3ebc25\" data-element_type=\"widget\" data-widget_type=\"text-editor.default\">\n\t\t\t\t<div class=\"elementor-widget-container\">\n\t\t\t\t\t\t\t<p>Con m\u00e1s de 30 a\u00f1os de experiencia, Montal Assessors i Advocats ofrece el servicio de asesor\u00eda contable para empresas de Sant Quirze del Vall\u00e9s, Sabadell, Terrassa y en todo el Vall\u00e8s Occidental.<\/p>\n<p>Sin embargo, entendemos que la informaci\u00f3n al cliente es imprescindible, por eso, todav\u00eda usted no lleva su propia contabilidad siempre tendr\u00e1 la posibilidad de conectar a nuestro sistema inform\u00e1tico y consultarlo cuando quiera y desde donde quiera su propia contabilidad.<\/p>\t\t\t\t\t\t<\/div>\n\t\t\t\t<\/div>\n\t\t\t\t\t<\/div>\n\t\t<\/div>\n\t\t\t\t\t<\/div>\n\t\t<\/section>\n\t\t\t\t<section class=\"elementor-section elementor-top-section elementor-element elementor-element-3320d3f elementor-section-boxed elementor-section-height-default elementor-section-height-default\" data-id=\"3320d3f\" data-element_type=\"section\">\n\t\t\t\t\t\t<div class=\"elementor-container elementor-column-gap-default\">\n\t\t\t\t\t<div class=\"elementor-column elementor-col-100 elementor-top-column elementor-element elementor-element-30ea5dc\" data-id=\"30ea5dc\" data-element_type=\"column\">\n\t\t\t<div class=\"elementor-widget-wrap elementor-element-populated\">\n\t\t\t\t\t\t<div class=\"elementor-element elementor-element-fadb010 elementor-icon-list--layout-traditional elementor-list-item-link-full_width elementor-widget elementor-widget-icon-list\" data-id=\"fadb010\" data-element_type=\"widget\" data-widget_type=\"icon-list.default\">\n\t\t\t\t<div class=\"elementor-widget-container\">\n\t\t\t<link rel=\"stylesheet\" href=\"https:\/\/montalassessorsiadvocats.com\/wp-content\/plugins\/elementor\/assets\/css\/widget-icon-list.min.css\">\t\t<ul class=\"elementor-icon-list-items\">\n\t\t\t\t\t\t\t<li class=\"elementor-icon-list-item\">\n\t\t\t\t\t\t\t\t\t\t\t<span class=\"elementor-icon-list-icon\">\n\t\t\t\t\t\t\t<i aria-hidden=\"true\" class=\"fas fa-check\"><\/i>\t\t\t\t\t\t<\/span>\n\t\t\t\t\t\t\t\t\t\t<span class=\"elementor-icon-list-text\">Entrada de asientos contables a partir de la documentaci\u00f3n aportada por el cliente<\/span>\n\t\t\t\t\t\t\t\t\t<\/li>\n\t\t\t\t\t\t\t\t<li class=\"elementor-icon-list-item\">\n\t\t\t\t\t\t\t\t\t\t\t<span class=\"elementor-icon-list-icon\">\n\t\t\t\t\t\t\t<i aria-hidden=\"true\" class=\"fas fa-check\"><\/i>\t\t\t\t\t\t<\/span>\n\t\t\t\t\t\t\t\t\t\t<span class=\"elementor-icon-list-text\">Entrega peri\u00f3dica de balances para el correcto control del estado contable<\/span>\n\t\t\t\t\t\t\t\t\t<\/li>\n\t\t\t\t\t\t\t\t<li class=\"elementor-icon-list-item\">\n\t\t\t\t\t\t\t\t\t\t\t<span class=\"elementor-icon-list-icon\">\n\t\t\t\t\t\t\t<i aria-hidden=\"true\" class=\"fas fa-check\"><\/i>\t\t\t\t\t\t<\/span>\n\t\t\t\t\t\t\t\t\t\t<span class=\"elementor-icon-list-text\">Actualizaci\u00f3n permanente de los libros contables y su puntual legalizaci\u00f3n ante el Registro Mercantil en los distintos formatos permitidos<\/span>\n\t\t\t\t\t\t\t\t\t<\/li>\n\t\t\t\t\t\t<\/ul>\n\t\t\t\t<\/div>\n\t\t\t\t<\/div>\n\t\t\t\t\t<\/div>\n\t\t<\/div>\n\t\t\t\t\t<\/div>\n\t\t<\/section>\n\t\t\t\t<\/div>\n\t\t","protected":false},"excerpt":{"rendered":"<p>La contabilidad: un factor clave para el control financiero de su empresa La asesor\u00eda contable es imprescindible para cualquier negocio o empresa. La experiencia nos ha ense\u00f1ado que cada cliente necesita un servicio personalizado. Conscientes de esta realidad, Montal Assessors i Advocats puede realizar la contabilidad completa de su empresa partiendo \u00fanicamente de los datos [&hellip;]<\/p>\n","protected":false},"author":1,"featured_media":0,"parent":1757,"menu_order":0,"comment_status":"closed","ping_status":"closed","template":"","meta":{"_acf_changed":false,"footnotes":""},"acf":[],"yoast_head":"<!-- This site is optimized with the Yoast SEO plugin v22.8 - https:\/\/yoast.com\/wordpress\/plugins\/seo\/ -->\n<title>Asesor\u00eda Contable - Montal Assessors i Advocats<\/title>\n<meta name=\"description\" content=\"Asesor\u00eda Contable en Sant Quirze y Sabadell, contabilidad por empresas, libros contables y presentaci\u00f3n en el registro mercantil.\" \/>\n<meta name=\"robots\" content=\"index, follow, max-snippet:-1, max-image-preview:large, max-video-preview:-1\" \/>\n<link rel=\"canonical\" href=\"https:\/\/montalassessorsiadvocats.com\/es\/servicios\/asesoria-contable\/\" \/>\n<meta property=\"og:locale\" content=\"es_ES\" \/>\n<meta property=\"og:type\" content=\"article\" \/>\n<meta property=\"og:title\" content=\"Asesor\u00eda Contable - Montal Assessors i Advocats\" \/>\n<meta property=\"og:description\" content=\"Asesor\u00eda Contable en Sant Quirze y Sabadell, contabilidad por empresas, libros contables y presentaci\u00f3n en el registro mercantil.\" \/>\n<meta property=\"og:url\" content=\"https:\/\/montalassessorsiadvocats.com\/es\/servicios\/asesoria-contable\/\" \/>\n<meta property=\"og:site_name\" content=\"Montal Assessors i Advocats\" \/>\n<meta property=\"article:modified_time\" content=\"2024-04-04T18:46:29+00:00\" \/>\n<meta property=\"og:image\" content=\"https:\/\/montalassessorsiadvocats.com\/wp-content\/uploads\/2023\/12\/Assessors-i-advocats-Sant-Quirze.jpg\" \/>\n\t<meta property=\"og:image:width\" content=\"1700\" \/>\n\t<meta property=\"og:image:height\" content=\"1133\" \/>\n\t<meta property=\"og:image:type\" content=\"image\/jpeg\" \/>\n<meta name=\"twitter:card\" content=\"summary_large_image\" \/>\n<meta name=\"twitter:label1\" content=\"Tiempo de lectura\" \/>\n\t<meta name=\"twitter:data1\" content=\"2 minutos\" \/>\n<script type=\"application\/ld+json\" class=\"yoast-schema-graph\">{\"@context\":\"https:\/\/schema.org\",\"@graph\":[{\"@type\":\"WebPage\",\"@id\":\"https:\/\/montalassessorsiadvocats.com\/es\/servicios\/asesoria-contable\/\",\"url\":\"https:\/\/montalassessorsiadvocats.com\/es\/servicios\/asesoria-contable\/\",\"name\":\"Asesor\u00eda Contable - Montal Assessors i Advocats\",\"isPartOf\":{\"@id\":\"https:\/\/montalassessorsiadvocats.com\/es\/#website\"},\"datePublished\":\"2023-02-08T14:20:50+00:00\",\"dateModified\":\"2024-04-04T18:46:29+00:00\",\"description\":\"Asesor\u00eda Contable en Sant Quirze y Sabadell, contabilidad por empresas, libros contables y presentaci\u00f3n en el registro mercantil.\",\"breadcrumb\":{\"@id\":\"https:\/\/montalassessorsiadvocats.com\/es\/servicios\/asesoria-contable\/#breadcrumb\"},\"inLanguage\":\"es\",\"potentialAction\":[{\"@type\":\"ReadAction\",\"target\":[\"https:\/\/montalassessorsiadvocats.com\/es\/servicios\/asesoria-contable\/\"]}]},{\"@type\":\"BreadcrumbList\",\"@id\":\"https:\/\/montalassessorsiadvocats.com\/es\/servicios\/asesoria-contable\/#breadcrumb\",\"itemListElement\":[{\"@type\":\"ListItem\",\"position\":1,\"name\":\"Inici\",\"item\":\"https:\/\/montalassessorsiadvocats.com\/es\/\"},{\"@type\":\"ListItem\",\"position\":2,\"name\":\"Servicios\",\"item\":\"https:\/\/montalassessorsiadvocats.com\/es\/servicios\/\"},{\"@type\":\"ListItem\",\"position\":3,\"name\":\"Asesor\u00eda Contable\"}]},{\"@type\":\"WebSite\",\"@id\":\"https:\/\/montalassessorsiadvocats.com\/es\/#website\",\"url\":\"https:\/\/montalassessorsiadvocats.com\/es\/\",\"name\":\"Montal Assessors i Advocats\",\"description\":\"Assessoria fiscal, comptable, laboral, mercantil i jur\u00eddica a Sant Quirze\",\"publisher\":{\"@id\":\"https:\/\/montalassessorsiadvocats.com\/es\/#organization\"},\"alternateName\":\"Montal Assessors\",\"potentialAction\":[{\"@type\":\"SearchAction\",\"target\":{\"@type\":\"EntryPoint\",\"urlTemplate\":\"https:\/\/montalassessorsiadvocats.com\/es\/?s={search_term_string}\"},\"query-input\":\"required name=search_term_string\"}],\"inLanguage\":\"es\"},{\"@type\":\"Organization\",\"@id\":\"https:\/\/montalassessorsiadvocats.com\/es\/#organization\",\"name\":\"Montal Assessors i Advocats - Sant Quirze\",\"alternateName\":\"Montal Assessors i Advocats\",\"url\":\"https:\/\/montalassessorsiadvocats.com\/es\/\",\"logo\":{\"@type\":\"ImageObject\",\"inLanguage\":\"es\",\"@id\":\"https:\/\/montalassessorsiadvocats.com\/es\/#\/schema\/logo\/image\/\",\"url\":\"https:\/\/montalassessorsiadvocats.com\/wp-content\/uploads\/2024\/03\/logo-montal.jpg\",\"contentUrl\":\"https:\/\/montalassessorsiadvocats.com\/wp-content\/uploads\/2024\/03\/logo-montal.jpg\",\"width\":696,\"height\":696,\"caption\":\"Montal Assessors i Advocats - Sant Quirze\"},\"image\":{\"@id\":\"https:\/\/montalassessorsiadvocats.com\/es\/#\/schema\/logo\/image\/\"}}]}<\/script>\n<!-- \/ Yoast SEO plugin. -->","yoast_head_json":{"title":"Asesor\u00eda Contable - Montal Assessors i Advocats","description":"Asesor\u00eda Contable en Sant Quirze y Sabadell, contabilidad por empresas, libros contables y presentaci\u00f3n en el registro mercantil.","robots":{"index":"index","follow":"follow","max-snippet":"max-snippet:-1","max-image-preview":"max-image-preview:large","max-video-preview":"max-video-preview:-1"},"canonical":"https:\/\/montalassessorsiadvocats.com\/es\/servicios\/asesoria-contable\/","og_locale":"es_ES","og_type":"article","og_title":"Asesor\u00eda Contable - Montal Assessors i Advocats","og_description":"Asesor\u00eda Contable en Sant Quirze y Sabadell, contabilidad por empresas, libros contables y presentaci\u00f3n en el registro mercantil.","og_url":"https:\/\/montalassessorsiadvocats.com\/es\/servicios\/asesoria-contable\/","og_site_name":"Montal Assessors i Advocats","article_modified_time":"2024-04-04T18:46:29+00:00","og_image":[{"width":1700,"height":1133,"url":"https:\/\/montalassessorsiadvocats.com\/wp-content\/uploads\/2023\/12\/Assessors-i-advocats-Sant-Quirze.jpg","type":"image\/jpeg"}],"twitter_card":"summary_large_image","twitter_misc":{"Tiempo de lectura":"2 minutos"},"schema":{"@context":"https:\/\/schema.org","@graph":[{"@type":"WebPage","@id":"https:\/\/montalassessorsiadvocats.com\/es\/servicios\/asesoria-contable\/","url":"https:\/\/montalassessorsiadvocats.com\/es\/servicios\/asesoria-contable\/","name":"Asesor\u00eda Contable - Montal Assessors i Advocats","isPartOf":{"@id":"https:\/\/montalassessorsiadvocats.com\/es\/#website"},"datePublished":"2023-02-08T14:20:50+00:00","dateModified":"2024-04-04T18:46:29+00:00","description":"Asesor\u00eda Contable en Sant Quirze y Sabadell, contabilidad por empresas, libros contables y presentaci\u00f3n en el registro mercantil.","breadcrumb":{"@id":"https:\/\/montalassessorsiadvocats.com\/es\/servicios\/asesoria-contable\/#breadcrumb"},"inLanguage":"es","potentialAction":[{"@type":"ReadAction","target":["https:\/\/montalassessorsiadvocats.com\/es\/servicios\/asesoria-contable\/"]}]},{"@type":"BreadcrumbList","@id":"https:\/\/montalassessorsiadvocats.com\/es\/servicios\/asesoria-contable\/#breadcrumb","itemListElement":[{"@type":"ListItem","position":1,"name":"Inici","item":"https:\/\/montalassessorsiadvocats.com\/es\/"},{"@type":"ListItem","position":2,"name":"Servicios","item":"https:\/\/montalassessorsiadvocats.com\/es\/servicios\/"},{"@type":"ListItem","position":3,"name":"Asesor\u00eda Contable"}]},{"@type":"WebSite","@id":"https:\/\/montalassessorsiadvocats.com\/es\/#website","url":"https:\/\/montalassessorsiadvocats.com\/es\/","name":"Montal Assessors i Advocats","description":"Assessoria fiscal, comptable, laboral, mercantil i jur\u00eddica a Sant Quirze","publisher":{"@id":"https:\/\/montalassessorsiadvocats.com\/es\/#organization"},"alternateName":"Montal Assessors","potentialAction":[{"@type":"SearchAction","target":{"@type":"EntryPoint","urlTemplate":"https:\/\/montalassessorsiadvocats.com\/es\/?s={search_term_string}"},"query-input":"required name=search_term_string"}],"inLanguage":"es"},{"@type":"Organization","@id":"https:\/\/montalassessorsiadvocats.com\/es\/#organization","name":"Montal Assessors i Advocats - Sant Quirze","alternateName":"Montal Assessors i Advocats","url":"https:\/\/montalassessorsiadvocats.com\/es\/","logo":{"@type":"ImageObject","inLanguage":"es","@id":"https:\/\/montalassessorsiadvocats.com\/es\/#\/schema\/logo\/image\/","url":"https:\/\/montalassessorsiadvocats.com\/wp-content\/uploads\/2024\/03\/logo-montal.jpg","contentUrl":"https:\/\/montalassessorsiadvocats.com\/wp-content\/uploads\/2024\/03\/logo-montal.jpg","width":696,"height":696,"caption":"Montal Assessors i Advocats - Sant Quirze"},"image":{"@id":"https:\/\/montalassessorsiadvocats.com\/es\/#\/schema\/logo\/image\/"}}]}},"_links":{"self":[{"href":"https:\/\/montalassessorsiadvocats.com\/es\/wp-json\/wp\/v2\/pages\/1777"}],"collection":[{"href":"https:\/\/montalassessorsiadvocats.com\/es\/wp-json\/wp\/v2\/pages"}],"about":[{"href":"https:\/\/montalassessorsiadvocats.com\/es\/wp-json\/wp\/v2\/types\/page"}],"author":[{"embeddable":true,"href":"https:\/\/montalassessorsiadvocats.com\/es\/wp-json\/wp\/v2\/users\/1"}],"replies":[{"embeddable":true,"href":"https:\/\/montalassessorsiadvocats.com\/es\/wp-json\/wp\/v2\/comments?post=1777"}],"version-history":[{"count":3,"href":"https:\/\/montalassessorsiadvocats.com\/es\/wp-json\/wp\/v2\/pages\/1777\/revisions"}],"predecessor-version":[{"id":2318,"href":"https:\/\/montalassessorsiadvocats.com\/es\/wp-json\/wp\/v2\/pages\/1777\/revisions\/2318"}],"up":[{"embeddable":true,"href":"https:\/\/montalassessorsiadvocats.com\/es\/wp-json\/wp\/v2\/pages\/1757"}],"wp:attachment":[{"href":"https:\/\/montalassessorsiadvocats.com\/es\/wp-json\/wp\/v2\/media?parent=1777"}],"curies":[{"name":"wp","href":"https:\/\/api.w.org\/{rel}","templated":true}]}}