{"id":1793,"date":"2023-02-08T16:20:13","date_gmt":"2023-02-08T14:20:13","guid":{"rendered":"https:\/\/montalassessorsiadvocats.com\/asesores\/asesoria-mercantil\/"},"modified":"2024-01-11T18:39:10","modified_gmt":"2024-01-11T16:39:10","slug":"asesoria-mercantil","status":"publish","type":"page","link":"https:\/\/montalassessorsiadvocats.com\/es\/servicios\/asesoria-mercantil\/","title":{"rendered":"Asesor\u00eda Mercantil"},"content":{"rendered":"\t\t<div data-elementor-type=\"wp-page\" data-elementor-id=\"1793\" class=\"elementor elementor-1793 elementor-15\">\n\t\t\t\t\t\t<section class=\"elementor-section elementor-top-section elementor-element elementor-element-38bf04d elementor-section-boxed elementor-section-height-default elementor-section-height-default\" data-id=\"38bf04d\" data-element_type=\"section\">\n\t\t\t\t\t\t<div class=\"elementor-container elementor-column-gap-default\">\n\t\t\t\t\t<div class=\"elementor-column elementor-col-100 elementor-top-column elementor-element elementor-element-e642c3a\" data-id=\"e642c3a\" data-element_type=\"column\">\n\t\t\t<div class=\"elementor-widget-wrap elementor-element-populated\">\n\t\t\t\t\t\t<div class=\"elementor-element elementor-element-14660f4 elementor-widget elementor-widget-heading\" data-id=\"14660f4\" data-element_type=\"widget\" data-widget_type=\"heading.default\">\n\t\t\t\t<div class=\"elementor-widget-container\">\n\t\t\t<style>\/*! elementor - v3.20.0 - 11-03-2024 *\/\n.elementor-heading-title{padding:0;margin:0;line-height:1}.elementor-widget-heading .elementor-heading-title[class*=elementor-size-]>a{color:inherit;font-size:inherit;line-height:inherit}.elementor-widget-heading .elementor-heading-title.elementor-size-small{font-size:15px}.elementor-widget-heading .elementor-heading-title.elementor-size-medium{font-size:19px}.elementor-widget-heading .elementor-heading-title.elementor-size-large{font-size:29px}.elementor-widget-heading .elementor-heading-title.elementor-size-xl{font-size:39px}.elementor-widget-heading .elementor-heading-title.elementor-size-xxl{font-size:59px}<\/style><h2 class=\"elementor-heading-title elementor-size-default\">Asesor\u00eda Mercantil para la constituci\u00f3n y gesti\u00f3n eficiente de sociedades mercantiles<\/h2>\t\t<\/div>\n\t\t\t\t<\/div>\n\t\t\t\t<div class=\"elementor-element elementor-element-6ed6d9d elementor-widget elementor-widget-text-editor\" data-id=\"6ed6d9d\" data-element_type=\"widget\" data-widget_type=\"text-editor.default\">\n\t\t\t\t<div class=\"elementor-widget-container\">\n\t\t\t<style>\/*! elementor - v3.20.0 - 11-03-2024 *\/\n.elementor-widget-text-editor.elementor-drop-cap-view-stacked .elementor-drop-cap{background-color:#69727d;color:#fff}.elementor-widget-text-editor.elementor-drop-cap-view-framed .elementor-drop-cap{color:#69727d;border:3px solid;background-color:transparent}.elementor-widget-text-editor:not(.elementor-drop-cap-view-default) .elementor-drop-cap{margin-top:8px}.elementor-widget-text-editor:not(.elementor-drop-cap-view-default) .elementor-drop-cap-letter{width:1em;height:1em}.elementor-widget-text-editor .elementor-drop-cap{float:left;text-align:center;line-height:1;font-size:50px}.elementor-widget-text-editor .elementor-drop-cap-letter{display:inline-block}<\/style>\t\t\t\t<p>Ponemos a su disposici\u00f3n un amplio abanico de servicios de <strong>Asesor\u00eda Mercantil<\/strong> en Sant Quirze y el Vall\u00e8s Occidental, relacionados con la constituci\u00f3n y gesti\u00f3n de sociedades mercantiles.<br \/>Ofrecemos soporte en la constituci\u00f3n de todo tipo de <strong>sociedades mercantiles<\/strong>, ya sean SA, SL, SLP u otras. Adem\u00e1s, tambi\u00e9n nos encargamos de las disoluciones y liquidaciones de sociedades mercantiles para asegurar que todos los procedimientos se realizan de forma correcta y eficiente.<\/p><p>En Montal Assessors i Advocats tambi\u00e9n nos encargamos de la legalizaci\u00f3n y gesti\u00f3n de libros contables ante el <strong>Registro Mercantil<\/strong>, incluyendo el libro diario, el inventario y las cuentas anuales, as\u00ed como los libros societarios y el libro de socios y actas.<br \/>Adem\u00e1s, ofrecemos servicios de solicitud de notas simples informativas al instante, la preparaci\u00f3n de acuerdos sociales y su transcripci\u00f3n en el libro de actas. Tambi\u00e9n nos encargamos de la <strong>compraventa de sociedades mercantiles<\/strong>, as\u00ed como de las necesarias modificaciones estatutarias.<\/p><p>Para garantizar la correcta gesti\u00f3n de las sociedades mercantiles, ofrecemos servicios de convocatoria de Juntas como la confecci\u00f3n y presentaci\u00f3n de cuentas anuales frente al <strong>Registro Mercantil<\/strong>.<br \/>Conf\u00ede en nuestro servicio de asesor\u00eda Mercantil para la gesti\u00f3n eficiente y profesional de sus sociedades mercantiles. Ponemos a su disposici\u00f3n nuestro conocimiento y experiencia para ayudarle a obtener los mejores resultados en su actividad empresarial.<\/p>\t\t\t\t\t\t<\/div>\n\t\t\t\t<\/div>\n\t\t\t\t<div class=\"elementor-element elementor-element-904e603 lista2 elementor-icon-list--layout-traditional elementor-list-item-link-full_width elementor-widget elementor-widget-icon-list\" data-id=\"904e603\" data-element_type=\"widget\" data-widget_type=\"icon-list.default\">\n\t\t\t\t<div class=\"elementor-widget-container\">\n\t\t\t<link rel=\"stylesheet\" href=\"https:\/\/montalassessorsiadvocats.com\/wp-content\/plugins\/elementor\/assets\/css\/widget-icon-list.min.css\">\t\t<ul class=\"elementor-icon-list-items\">\n\t\t\t\t\t\t\t<li class=\"elementor-icon-list-item\">\n\t\t\t\t\t\t\t\t\t\t\t<span class=\"elementor-icon-list-icon\">\n\t\t\t\t\t\t\t<i aria-hidden=\"true\" class=\"fas fa-check\"><\/i>\t\t\t\t\t\t<\/span>\n\t\t\t\t\t\t\t\t\t\t<span class=\"elementor-icon-list-text\">Constituci\u00f3n de todo tipo de sociedades mercantiles (SA, SL, SLP, etc..)<\/span>\n\t\t\t\t\t\t\t\t\t<\/li>\n\t\t\t\t\t\t\t\t<li class=\"elementor-icon-list-item\">\n\t\t\t\t\t\t\t\t\t\t\t<span class=\"elementor-icon-list-icon\">\n\t\t\t\t\t\t\t<i aria-hidden=\"true\" class=\"fas fa-check\"><\/i>\t\t\t\t\t\t<\/span>\n\t\t\t\t\t\t\t\t\t\t<span class=\"elementor-icon-list-text\">Disoluciones y liquidaciones de sociedades mercantiles.<\/span>\n\t\t\t\t\t\t\t\t\t<\/li>\n\t\t\t\t\t\t\t\t<li class=\"elementor-icon-list-item\">\n\t\t\t\t\t\t\t\t\t\t\t<span class=\"elementor-icon-list-icon\">\n\t\t\t\t\t\t\t<i aria-hidden=\"true\" class=\"fas fa-check\"><\/i>\t\t\t\t\t\t<\/span>\n\t\t\t\t\t\t\t\t\t\t<span class=\"elementor-icon-list-text\">Legalizaci\u00f3n y gesti\u00f3n de libros contables ante el Registro Mercantil (libro diario e inventario y cuentas anuales) y libros societarios (Socios y Actas).<\/span>\n\t\t\t\t\t\t\t\t\t<\/li>\n\t\t\t\t\t\t\t\t<li class=\"elementor-icon-list-item\">\n\t\t\t\t\t\t\t\t\t\t\t<span class=\"elementor-icon-list-icon\">\n\t\t\t\t\t\t\t<i aria-hidden=\"true\" class=\"fas fa-check\"><\/i>\t\t\t\t\t\t<\/span>\n\t\t\t\t\t\t\t\t\t\t<span class=\"elementor-icon-list-text\">Solicitud de notas simples informativas al instante.<\/span>\n\t\t\t\t\t\t\t\t\t<\/li>\n\t\t\t\t\t\t\t\t<li class=\"elementor-icon-list-item\">\n\t\t\t\t\t\t\t\t\t\t\t<span class=\"elementor-icon-list-icon\">\n\t\t\t\t\t\t\t<i aria-hidden=\"true\" class=\"fas fa-check\"><\/i>\t\t\t\t\t\t<\/span>\n\t\t\t\t\t\t\t\t\t\t<span class=\"elementor-icon-list-text\">Preparaci\u00f3n de acuerdos sociales y transcripci\u00f3n en el libro de actas.<\/span>\n\t\t\t\t\t\t\t\t\t<\/li>\n\t\t\t\t\t\t\t\t<li class=\"elementor-icon-list-item\">\n\t\t\t\t\t\t\t\t\t\t\t<span class=\"elementor-icon-list-icon\">\n\t\t\t\t\t\t\t<i aria-hidden=\"true\" class=\"fas fa-check\"><\/i>\t\t\t\t\t\t<\/span>\n\t\t\t\t\t\t\t\t\t\t<span class=\"elementor-icon-list-text\">Compraventa de sociedades mercantiles, modificaciones estatutarias.<\/span>\n\t\t\t\t\t\t\t\t\t<\/li>\n\t\t\t\t\t\t\t\t<li class=\"elementor-icon-list-item\">\n\t\t\t\t\t\t\t\t\t\t\t<span class=\"elementor-icon-list-icon\">\n\t\t\t\t\t\t\t<i aria-hidden=\"true\" class=\"fas fa-check\"><\/i>\t\t\t\t\t\t<\/span>\n\t\t\t\t\t\t\t\t\t\t<span class=\"elementor-icon-list-text\">Convocatoria de Juntas.<\/span>\n\t\t\t\t\t\t\t\t\t<\/li>\n\t\t\t\t\t\t\t\t<li class=\"elementor-icon-list-item\">\n\t\t\t\t\t\t\t\t\t\t\t<span class=\"elementor-icon-list-icon\">\n\t\t\t\t\t\t\t<i aria-hidden=\"true\" class=\"fas fa-check\"><\/i>\t\t\t\t\t\t<\/span>\n\t\t\t\t\t\t\t\t\t\t<span class=\"elementor-icon-list-text\">Confecci\u00f3n y presentaci\u00f3n de cuentas anuales frente al Registro Mercantil.<\/span>\n\t\t\t\t\t\t\t\t\t<\/li>\n\t\t\t\t\t\t<\/ul>\n\t\t\t\t<\/div>\n\t\t\t\t<\/div>\n\t\t\t\t\t<\/div>\n\t\t<\/div>\n\t\t\t\t\t<\/div>\n\t\t<\/section>\n\t\t\t\t<\/div>\n\t\t","protected":false},"excerpt":{"rendered":"<p>Asesor\u00eda Mercantil para la constituci\u00f3n y gesti\u00f3n eficiente de sociedades mercantiles Ponemos a su disposici\u00f3n un amplio abanico de servicios de Asesor\u00eda Mercantil en Sant Quirze y el Vall\u00e8s Occidental, relacionados con la constituci\u00f3n y gesti\u00f3n de sociedades mercantiles.Ofrecemos soporte en la constituci\u00f3n de todo tipo de sociedades mercantiles, ya sean SA, SL, SLP u [&hellip;]<\/p>\n","protected":false},"author":1,"featured_media":0,"parent":1757,"menu_order":0,"comment_status":"closed","ping_status":"closed","template":"","meta":{"_acf_changed":false,"footnotes":""},"acf":[],"yoast_head":"<!-- This site is optimized with the Yoast SEO plugin v22.8 - https:\/\/yoast.com\/wordpress\/plugins\/seo\/ -->\n<title>Asesor\u00eda Mercantil - Montal Assessors i Advocats<\/title>\n<meta name=\"description\" content=\"Asesores y Abogados en Sant Quirze, le la asesor\u00eda mercantil para la constituci\u00f3n y gesti\u00f3n eficiente de sociedades mercantiles\" \/>\n<meta name=\"robots\" content=\"index, follow, max-snippet:-1, max-image-preview:large, max-video-preview:-1\" \/>\n<link rel=\"canonical\" href=\"https:\/\/montalassessorsiadvocats.com\/es\/servicios\/asesoria-mercantil\/\" \/>\n<meta property=\"og:locale\" content=\"es_ES\" \/>\n<meta property=\"og:type\" content=\"article\" \/>\n<meta property=\"og:title\" content=\"Asesor\u00eda Mercantil para la constituci\u00f3n y gesti\u00f3n eficiente de sociedades mercantiles\" \/>\n<meta property=\"og:description\" content=\"Montal Asesores y Abogados en Sant Quirze, le ofrece la asesor\u00eda mercantil para la constituci\u00f3n y gesti\u00f3n eficiente de sociedades mercantiles\" \/>\n<meta property=\"og:url\" content=\"https:\/\/montalassessorsiadvocats.com\/es\/servicios\/asesoria-mercantil\/\" \/>\n<meta property=\"og:site_name\" content=\"Montal Assessors i Advocats\" \/>\n<meta property=\"article:modified_time\" content=\"2024-01-11T16:39:10+00:00\" \/>\n<meta property=\"og:image\" content=\"https:\/\/montalassessorsiadvocats.com\/wp-content\/uploads\/2023\/03\/Assessoria-mercantil-Montal-assessors-i-advocats-1024x512.jpg\" \/>\n<meta name=\"twitter:card\" content=\"summary_large_image\" \/>\n<meta name=\"twitter:title\" content=\"Asesor\u00eda Mercantil para la constituci\u00f3n y gesti\u00f3n eficiente de sociedades mercantiles\" \/>\n<meta name=\"twitter:description\" content=\"Montal Asesores y Abogados en Sant Quirze, le ofrece la asesor\u00eda mercantil para la constituci\u00f3n y gesti\u00f3n eficiente de sociedades mercantiles\" \/>\n<meta name=\"twitter:image\" content=\"https:\/\/montalassessorsiadvocats.com\/wp-content\/uploads\/2023\/03\/Assessoria-mercantil-Montal-assessors-i-advocats-1024x512.jpg\" \/>\n<meta name=\"twitter:label1\" content=\"Tiempo de lectura\" \/>\n\t<meta name=\"twitter:data1\" content=\"2 minutos\" \/>\n<script type=\"application\/ld+json\" class=\"yoast-schema-graph\">{\"@context\":\"https:\/\/schema.org\",\"@graph\":[{\"@type\":\"WebPage\",\"@id\":\"https:\/\/montalassessorsiadvocats.com\/es\/servicios\/asesoria-mercantil\/\",\"url\":\"https:\/\/montalassessorsiadvocats.com\/es\/servicios\/asesoria-mercantil\/\",\"name\":\"Asesor\u00eda Mercantil - Montal Assessors i Advocats\",\"isPartOf\":{\"@id\":\"https:\/\/montalassessorsiadvocats.com\/es\/#website\"},\"datePublished\":\"2023-02-08T14:20:13+00:00\",\"dateModified\":\"2024-01-11T16:39:10+00:00\",\"description\":\"Asesores y Abogados en Sant Quirze, le la asesor\u00eda mercantil para la constituci\u00f3n y gesti\u00f3n eficiente de sociedades mercantiles\",\"breadcrumb\":{\"@id\":\"https:\/\/montalassessorsiadvocats.com\/es\/servicios\/asesoria-mercantil\/#breadcrumb\"},\"inLanguage\":\"es\",\"potentialAction\":[{\"@type\":\"ReadAction\",\"target\":[\"https:\/\/montalassessorsiadvocats.com\/es\/servicios\/asesoria-mercantil\/\"]}]},{\"@type\":\"BreadcrumbList\",\"@id\":\"https:\/\/montalassessorsiadvocats.com\/es\/servicios\/asesoria-mercantil\/#breadcrumb\",\"itemListElement\":[{\"@type\":\"ListItem\",\"position\":1,\"name\":\"Inici\",\"item\":\"https:\/\/montalassessorsiadvocats.com\/es\/\"},{\"@type\":\"ListItem\",\"position\":2,\"name\":\"Servicios\",\"item\":\"https:\/\/montalassessorsiadvocats.com\/es\/servicios\/\"},{\"@type\":\"ListItem\",\"position\":3,\"name\":\"Asesor\u00eda Mercantil\"}]},{\"@type\":\"WebSite\",\"@id\":\"https:\/\/montalassessorsiadvocats.com\/es\/#website\",\"url\":\"https:\/\/montalassessorsiadvocats.com\/es\/\",\"name\":\"Montal Assessors i Advocats\",\"description\":\"Assessoria fiscal, comptable, laboral, mercantil i jur\u00eddica a Sant Quirze\",\"publisher\":{\"@id\":\"https:\/\/montalassessorsiadvocats.com\/es\/#organization\"},\"alternateName\":\"Montal Assessors\",\"potentialAction\":[{\"@type\":\"SearchAction\",\"target\":{\"@type\":\"EntryPoint\",\"urlTemplate\":\"https:\/\/montalassessorsiadvocats.com\/es\/?s={search_term_string}\"},\"query-input\":\"required name=search_term_string\"}],\"inLanguage\":\"es\"},{\"@type\":\"Organization\",\"@id\":\"https:\/\/montalassessorsiadvocats.com\/es\/#organization\",\"name\":\"Montal Assessors i Advocats - Sant Quirze\",\"alternateName\":\"Montal Assessors i Advocats\",\"url\":\"https:\/\/montalassessorsiadvocats.com\/es\/\",\"logo\":{\"@type\":\"ImageObject\",\"inLanguage\":\"es\",\"@id\":\"https:\/\/montalassessorsiadvocats.com\/es\/#\/schema\/logo\/image\/\",\"url\":\"https:\/\/montalassessorsiadvocats.com\/wp-content\/uploads\/2024\/03\/logo-montal.jpg\",\"contentUrl\":\"https:\/\/montalassessorsiadvocats.com\/wp-content\/uploads\/2024\/03\/logo-montal.jpg\",\"width\":696,\"height\":696,\"caption\":\"Montal Assessors i Advocats - Sant Quirze\"},\"image\":{\"@id\":\"https:\/\/montalassessorsiadvocats.com\/es\/#\/schema\/logo\/image\/\"}}]}<\/script>\n<!-- \/ Yoast SEO plugin. -->","yoast_head_json":{"title":"Asesor\u00eda Mercantil - Montal Assessors i Advocats","description":"Asesores y Abogados en Sant Quirze, le la asesor\u00eda mercantil para la constituci\u00f3n y gesti\u00f3n eficiente de sociedades mercantiles","robots":{"index":"index","follow":"follow","max-snippet":"max-snippet:-1","max-image-preview":"max-image-preview:large","max-video-preview":"max-video-preview:-1"},"canonical":"https:\/\/montalassessorsiadvocats.com\/es\/servicios\/asesoria-mercantil\/","og_locale":"es_ES","og_type":"article","og_title":"Asesor\u00eda Mercantil para la constituci\u00f3n y gesti\u00f3n eficiente de sociedades mercantiles","og_description":"Montal Asesores y Abogados en Sant Quirze, le ofrece la asesor\u00eda mercantil para la constituci\u00f3n y gesti\u00f3n eficiente de sociedades mercantiles","og_url":"https:\/\/montalassessorsiadvocats.com\/es\/servicios\/asesoria-mercantil\/","og_site_name":"Montal Assessors i Advocats","article_modified_time":"2024-01-11T16:39:10+00:00","og_image":[{"url":"https:\/\/montalassessorsiadvocats.com\/wp-content\/uploads\/2023\/03\/Assessoria-mercantil-Montal-assessors-i-advocats-1024x512.jpg"}],"twitter_card":"summary_large_image","twitter_title":"Asesor\u00eda Mercantil para la constituci\u00f3n y gesti\u00f3n eficiente de sociedades mercantiles","twitter_description":"Montal Asesores y Abogados en Sant Quirze, le ofrece la asesor\u00eda mercantil para la constituci\u00f3n y gesti\u00f3n eficiente de sociedades mercantiles","twitter_image":"https:\/\/montalassessorsiadvocats.com\/wp-content\/uploads\/2023\/03\/Assessoria-mercantil-Montal-assessors-i-advocats-1024x512.jpg","twitter_misc":{"Tiempo de lectura":"2 minutos"},"schema":{"@context":"https:\/\/schema.org","@graph":[{"@type":"WebPage","@id":"https:\/\/montalassessorsiadvocats.com\/es\/servicios\/asesoria-mercantil\/","url":"https:\/\/montalassessorsiadvocats.com\/es\/servicios\/asesoria-mercantil\/","name":"Asesor\u00eda Mercantil - Montal Assessors i Advocats","isPartOf":{"@id":"https:\/\/montalassessorsiadvocats.com\/es\/#website"},"datePublished":"2023-02-08T14:20:13+00:00","dateModified":"2024-01-11T16:39:10+00:00","description":"Asesores y Abogados en Sant Quirze, le la asesor\u00eda mercantil para la constituci\u00f3n y gesti\u00f3n eficiente de sociedades mercantiles","breadcrumb":{"@id":"https:\/\/montalassessorsiadvocats.com\/es\/servicios\/asesoria-mercantil\/#breadcrumb"},"inLanguage":"es","potentialAction":[{"@type":"ReadAction","target":["https:\/\/montalassessorsiadvocats.com\/es\/servicios\/asesoria-mercantil\/"]}]},{"@type":"BreadcrumbList","@id":"https:\/\/montalassessorsiadvocats.com\/es\/servicios\/asesoria-mercantil\/#breadcrumb","itemListElement":[{"@type":"ListItem","position":1,"name":"Inici","item":"https:\/\/montalassessorsiadvocats.com\/es\/"},{"@type":"ListItem","position":2,"name":"Servicios","item":"https:\/\/montalassessorsiadvocats.com\/es\/servicios\/"},{"@type":"ListItem","position":3,"name":"Asesor\u00eda Mercantil"}]},{"@type":"WebSite","@id":"https:\/\/montalassessorsiadvocats.com\/es\/#website","url":"https:\/\/montalassessorsiadvocats.com\/es\/","name":"Montal Assessors i Advocats","description":"Assessoria fiscal, comptable, laboral, mercantil i jur\u00eddica a Sant Quirze","publisher":{"@id":"https:\/\/montalassessorsiadvocats.com\/es\/#organization"},"alternateName":"Montal Assessors","potentialAction":[{"@type":"SearchAction","target":{"@type":"EntryPoint","urlTemplate":"https:\/\/montalassessorsiadvocats.com\/es\/?s={search_term_string}"},"query-input":"required name=search_term_string"}],"inLanguage":"es"},{"@type":"Organization","@id":"https:\/\/montalassessorsiadvocats.com\/es\/#organization","name":"Montal Assessors i Advocats - Sant Quirze","alternateName":"Montal Assessors i Advocats","url":"https:\/\/montalassessorsiadvocats.com\/es\/","logo":{"@type":"ImageObject","inLanguage":"es","@id":"https:\/\/montalassessorsiadvocats.com\/es\/#\/schema\/logo\/image\/","url":"https:\/\/montalassessorsiadvocats.com\/wp-content\/uploads\/2024\/03\/logo-montal.jpg","contentUrl":"https:\/\/montalassessorsiadvocats.com\/wp-content\/uploads\/2024\/03\/logo-montal.jpg","width":696,"height":696,"caption":"Montal Assessors i Advocats - Sant Quirze"},"image":{"@id":"https:\/\/montalassessorsiadvocats.com\/es\/#\/schema\/logo\/image\/"}}]}},"_links":{"self":[{"href":"https:\/\/montalassessorsiadvocats.com\/es\/wp-json\/wp\/v2\/pages\/1793"}],"collection":[{"href":"https:\/\/montalassessorsiadvocats.com\/es\/wp-json\/wp\/v2\/pages"}],"about":[{"href":"https:\/\/montalassessorsiadvocats.com\/es\/wp-json\/wp\/v2\/types\/page"}],"author":[{"embeddable":true,"href":"https:\/\/montalassessorsiadvocats.com\/es\/wp-json\/wp\/v2\/users\/1"}],"replies":[{"embeddable":true,"href":"https:\/\/montalassessorsiadvocats.com\/es\/wp-json\/wp\/v2\/comments?post=1793"}],"version-history":[{"count":3,"href":"https:\/\/montalassessorsiadvocats.com\/es\/wp-json\/wp\/v2\/pages\/1793\/revisions"}],"predecessor-version":[{"id":1991,"href":"https:\/\/montalassessorsiadvocats.com\/es\/wp-json\/wp\/v2\/pages\/1793\/revisions\/1991"}],"up":[{"embeddable":true,"href":"https:\/\/montalassessorsiadvocats.com\/es\/wp-json\/wp\/v2\/pages\/1757"}],"wp:attachment":[{"href":"https:\/\/montalassessorsiadvocats.com\/es\/wp-json\/wp\/v2\/media?parent=1793"}],"curies":[{"name":"wp","href":"https:\/\/api.w.org\/{rel}","templated":true}]}}