{"id":1834,"date":"2023-02-11T12:08:43","date_gmt":"2023-02-11T10:08:43","guid":{"rendered":"https:\/\/montalassessorsiadvocats.com\/abogados\/asesoria-juridica\/derecho-mercantil\/"},"modified":"2023-09-28T17:06:29","modified_gmt":"2023-09-28T15:06:29","slug":"derecho-mercantil","status":"publish","type":"page","link":"https:\/\/montalassessorsiadvocats.com\/es\/servicios\/asesoria-juridica\/derecho-mercantil\/","title":{"rendered":"Derecho Mercantil"},"content":{"rendered":"\t\t<div data-elementor-type=\"wp-page\" data-elementor-id=\"1834\" class=\"elementor elementor-1834 elementor-281\">\n\t\t\t\t\t\t<section class=\"elementor-section elementor-top-section elementor-element elementor-element-cec3822 elementor-section-boxed elementor-section-height-default elementor-section-height-default\" data-id=\"cec3822\" data-element_type=\"section\">\n\t\t\t\t\t\t<div class=\"elementor-container elementor-column-gap-default\">\n\t\t\t\t\t<div class=\"elementor-column elementor-col-100 elementor-top-column elementor-element elementor-element-4128984\" data-id=\"4128984\" data-element_type=\"column\">\n\t\t\t<div class=\"elementor-widget-wrap elementor-element-populated\">\n\t\t\t\t\t\t<div class=\"elementor-element elementor-element-4916d38 elementor-widget elementor-widget-heading\" data-id=\"4916d38\" data-element_type=\"widget\" data-widget_type=\"heading.default\">\n\t\t\t\t<div class=\"elementor-widget-container\">\n\t\t\t<style>\/*! elementor - v3.20.0 - 11-03-2024 *\/\n.elementor-heading-title{padding:0;margin:0;line-height:1}.elementor-widget-heading .elementor-heading-title[class*=elementor-size-]>a{color:inherit;font-size:inherit;line-height:inherit}.elementor-widget-heading .elementor-heading-title.elementor-size-small{font-size:15px}.elementor-widget-heading .elementor-heading-title.elementor-size-medium{font-size:19px}.elementor-widget-heading .elementor-heading-title.elementor-size-large{font-size:29px}.elementor-widget-heading .elementor-heading-title.elementor-size-xl{font-size:39px}.elementor-widget-heading .elementor-heading-title.elementor-size-xxl{font-size:59px}<\/style><h2 class=\"elementor-heading-title elementor-size-default\">Derecho Mercantil: La clave para un crecimiento empresarial s\u00f3lido y sostenible<\/h2>\t\t<\/div>\n\t\t\t\t<\/div>\n\t\t\t\t<div class=\"elementor-element elementor-element-2651f8c elementor-widget elementor-widget-text-editor\" data-id=\"2651f8c\" data-element_type=\"widget\" data-widget_type=\"text-editor.default\">\n\t\t\t\t<div class=\"elementor-widget-container\">\n\t\t\t<style>\/*! elementor - v3.20.0 - 11-03-2024 *\/\n.elementor-widget-text-editor.elementor-drop-cap-view-stacked .elementor-drop-cap{background-color:#69727d;color:#fff}.elementor-widget-text-editor.elementor-drop-cap-view-framed .elementor-drop-cap{color:#69727d;border:3px solid;background-color:transparent}.elementor-widget-text-editor:not(.elementor-drop-cap-view-default) .elementor-drop-cap{margin-top:8px}.elementor-widget-text-editor:not(.elementor-drop-cap-view-default) .elementor-drop-cap-letter{width:1em;height:1em}.elementor-widget-text-editor .elementor-drop-cap{float:left;text-align:center;line-height:1;font-size:50px}.elementor-widget-text-editor .elementor-drop-cap-letter{display:inline-block}<\/style>\t\t\t\t<p>Actualmente es primordial estar bien asesorado en <strong>derecho mercantil<\/strong>, un \u00e1rea del derecho en la que un buen asesoramiento y prevenci\u00f3n evita muchos problemas.<\/p>\n<p>Con Montal Assessors i Advocats, tendr\u00e1s un apoyo integral en todas las fases del Derecho Mercantil. Estamos a tu lado para ayudarte a tomar las decisiones adecuadas para tu negocio y proteger tus intereses<\/p>\n\t\t\t\t\t\t<\/div>\n\t\t\t\t<\/div>\n\t\t\t\t\t<\/div>\n\t\t<\/div>\n\t\t\t\t\t<\/div>\n\t\t<\/section>\n\t\t\t\t<section class=\"elementor-section elementor-top-section elementor-element elementor-element-735504c elementor-section-boxed elementor-section-height-default elementor-section-height-default\" data-id=\"735504c\" data-element_type=\"section\">\n\t\t\t\t\t\t<div class=\"elementor-container elementor-column-gap-default\">\n\t\t\t\t\t<div class=\"elementor-column elementor-col-100 elementor-top-column elementor-element elementor-element-de5aa9a\" data-id=\"de5aa9a\" data-element_type=\"column\">\n\t\t\t<div class=\"elementor-widget-wrap elementor-element-populated\">\n\t\t\t\t\t\t<div class=\"elementor-element elementor-element-d43f4f4 elementor-widget elementor-widget-heading\" data-id=\"d43f4f4\" data-element_type=\"widget\" data-widget_type=\"heading.default\">\n\t\t\t\t<div class=\"elementor-widget-container\">\n\t\t\t<h3 class=\"elementor-heading-title elementor-size-default\">Constituci\u00f3n de Sociedades<\/h3>\t\t<\/div>\n\t\t\t\t<\/div>\n\t\t\t\t<div class=\"elementor-element elementor-element-3266c9d elementor-widget elementor-widget-text-editor\" data-id=\"3266c9d\" data-element_type=\"widget\" data-widget_type=\"text-editor.default\">\n\t\t\t\t<div class=\"elementor-widget-container\">\n\t\t\t\t\t\t\t<p>El Derecho Mercantil es una rama del derecho que regula las <strong>actividades econ\u00f3micas<\/strong> y relaciones comerciales entre las empresas y las personas f\u00edsicas. Uno de sus \u00e1mbitos m\u00e1s importantes es la Constituci\u00f3n de Sociedades, que regula la creaci\u00f3n y funcionamiento de las empresas y sociedades comerciales.<\/p>\n\t\t\t\t\t\t<\/div>\n\t\t\t\t<\/div>\n\t\t\t\t<div class=\"elementor-element elementor-element-be3ce3d elementor-widget elementor-widget-heading\" data-id=\"be3ce3d\" data-element_type=\"widget\" data-widget_type=\"heading.default\">\n\t\t\t\t<div class=\"elementor-widget-container\">\n\t\t\t<h3 class=\"elementor-heading-title elementor-size-default\">Procedimiento Concursal<\/h3>\t\t<\/div>\n\t\t\t\t<\/div>\n\t\t\t\t<div class=\"elementor-element elementor-element-d1c3890 elementor-widget elementor-widget-text-editor\" data-id=\"d1c3890\" data-element_type=\"widget\" data-widget_type=\"text-editor.default\">\n\t\t\t\t<div class=\"elementor-widget-container\">\n\t\t\t\t\t\t\t<p>El Procedimiento Concursal es otro aspecto importante del derecho mercantil. Este procedimiento <strong>regula las situaciones de quiebra<\/strong> de las empresas y sociedades comerciales, permitiendo su reorganizaci\u00f3n o liquidaci\u00f3n en caso necesario.<\/p>\n\t\t\t\t\t\t<\/div>\n\t\t\t\t<\/div>\n\t\t\t\t<div class=\"elementor-element elementor-element-0df4c7b elementor-widget elementor-widget-heading\" data-id=\"0df4c7b\" data-element_type=\"widget\" data-widget_type=\"heading.default\">\n\t\t\t\t<div class=\"elementor-widget-container\">\n\t\t\t<h3 class=\"elementor-heading-title elementor-size-default\">Derecho de Patentes y Marcas<\/h3>\t\t<\/div>\n\t\t\t\t<\/div>\n\t\t\t\t<div class=\"elementor-element elementor-element-9f25165 elementor-widget elementor-widget-text-editor\" data-id=\"9f25165\" data-element_type=\"widget\" data-widget_type=\"text-editor.default\">\n\t\t\t\t<div class=\"elementor-widget-container\">\n\t\t\t\t\t\t\t<p>El Derecho de Patentes y Marcas es fundamental para las empresas, ya que protege sus productos y servicios frente a la <strong>competencia desleal<\/strong>. Esto permite que las empresas puedan proteger su propiedad intelectual y sus inversiones.<\/p>\n\t\t\t\t\t\t<\/div>\n\t\t\t\t<\/div>\n\t\t\t\t<div class=\"elementor-element elementor-element-a15d1bc elementor-widget elementor-widget-heading\" data-id=\"a15d1bc\" data-element_type=\"widget\" data-widget_type=\"heading.default\">\n\t\t\t\t<div class=\"elementor-widget-container\">\n\t\t\t<h3 class=\"elementor-heading-title elementor-size-default\">Redacci\u00f3n de Estatutos propios y acuerdos Sociales<\/h3>\t\t<\/div>\n\t\t\t\t<\/div>\n\t\t\t\t<div class=\"elementor-element elementor-element-0d8047d elementor-widget elementor-widget-text-editor\" data-id=\"0d8047d\" data-element_type=\"widget\" data-widget_type=\"text-editor.default\">\n\t\t\t\t<div class=\"elementor-widget-container\">\n\t\t\t\t\t\t\t<p>Para garantizar el buen funcionamiento de las sociedades, es importante que sus <strong>estatutos y acuerdos sociales<\/strong> est\u00e9n redactados. Esto permite que todos los miembros de la sociedad est\u00e9n alineados en sus decisiones y actividades.<\/p>\n\t\t\t\t\t\t<\/div>\n\t\t\t\t<\/div>\n\t\t\t\t<div class=\"elementor-element elementor-element-fe9510b elementor-widget elementor-widget-heading\" data-id=\"fe9510b\" data-element_type=\"widget\" data-widget_type=\"heading.default\">\n\t\t\t\t<div class=\"elementor-widget-container\">\n\t\t\t<h3 class=\"elementor-heading-title elementor-size-default\">Disoluci\u00f3n y Liquidaci\u00f3n de Sociedades<\/h3>\t\t<\/div>\n\t\t\t\t<\/div>\n\t\t\t\t<div class=\"elementor-element elementor-element-e3c63c5 elementor-widget elementor-widget-text-editor\" data-id=\"e3c63c5\" data-element_type=\"widget\" data-widget_type=\"text-editor.default\">\n\t\t\t\t<div class=\"elementor-widget-container\">\n\t\t\t\t\t\t\t<p>En caso de que sea necesario, el Derecho Mercantil tambi\u00e9n regula la <strong>Disoluci\u00f3n y Liquidaci\u00f3n de las sociedades<\/strong>. Este procedimiento permite la finalizaci\u00f3n de la vida \u00fatil de la sociedad de forma ordenada y justa para todos sus miembros.<\/p>\n\t\t\t\t\t\t<\/div>\n\t\t\t\t<\/div>\n\t\t\t\t<div class=\"elementor-element elementor-element-7e01493 elementor-widget elementor-widget-heading\" data-id=\"7e01493\" data-element_type=\"widget\" data-widget_type=\"heading.default\">\n\t\t\t\t<div class=\"elementor-widget-container\">\n\t\t\t<h3 class=\"elementor-heading-title elementor-size-default\">Fusiones y Escisiones<\/h3>\t\t<\/div>\n\t\t\t\t<\/div>\n\t\t\t\t<div class=\"elementor-element elementor-element-5f7f99b elementor-widget elementor-widget-text-editor\" data-id=\"5f7f99b\" data-element_type=\"widget\" data-widget_type=\"text-editor.default\">\n\t\t\t\t<div class=\"elementor-widget-container\">\n\t\t\t\t\t\t\t<p>Las Fusiones y Escisiones son otras operaciones que se regulan en el Derecho Mercantil. Estas operaciones permiten a las empresas y sociedades comerciales <strong>reestructurarse o unirse<\/strong> para conseguir una mayor eficiencia y competitividad en el mercado.<\/p>\n\t\t\t\t\t\t<\/div>\n\t\t\t\t<\/div>\n\t\t\t\t\t<\/div>\n\t\t<\/div>\n\t\t\t\t\t<\/div>\n\t\t<\/section>\n\t\t\t\t<\/div>\n\t\t","protected":false},"excerpt":{"rendered":"<p>Derecho Mercantil: La clave para un crecimiento empresarial s\u00f3lido y sostenible Actualmente es primordial estar bien asesorado en derecho mercantil, un \u00e1rea del derecho en la que un buen asesoramiento y prevenci\u00f3n evita muchos problemas. Con Montal Assessors i Advocats, tendr\u00e1s un apoyo integral en todas las fases del Derecho Mercantil. Estamos a tu lado [&hellip;]<\/p>\n","protected":false},"author":1,"featured_media":0,"parent":1801,"menu_order":0,"comment_status":"closed","ping_status":"closed","template":"","meta":{"_acf_changed":false,"footnotes":""},"acf":[],"yoast_head":"<!-- This site is optimized with the Yoast SEO plugin v22.8 - https:\/\/yoast.com\/wordpress\/plugins\/seo\/ -->\n<title>Derecho Mercantil - Servicios Jur\u00eddicos - Montal Assessors i Advocats<\/title>\n<meta name=\"description\" content=\"Servicio de asesoramiento jur\u00eddico en derecho Mercantil: Constituci\u00f3n de sociedades, procedimiento concursal, derechos de patentes y marcas, estatutos...\" \/>\n<meta name=\"robots\" content=\"index, follow, max-snippet:-1, max-image-preview:large, max-video-preview:-1\" \/>\n<link rel=\"canonical\" href=\"https:\/\/montalassessorsiadvocats.com\/es\/servicios\/asesoria-juridica\/derecho-mercantil\/\" \/>\n<meta property=\"og:locale\" content=\"es_ES\" \/>\n<meta property=\"og:type\" content=\"article\" \/>\n<meta property=\"og:title\" content=\"Derecho Mercantil - Servicios Jur\u00eddicos - Montal Assessors i Advocats\" \/>\n<meta property=\"og:description\" content=\"Servicio de asesoramiento jur\u00eddico en derecho Mercantil: Constituci\u00f3n de sociedades, procedimiento concursal, derechos de patentes y marcas, estatutos...\" \/>\n<meta property=\"og:url\" content=\"https:\/\/montalassessorsiadvocats.com\/es\/servicios\/asesoria-juridica\/derecho-mercantil\/\" \/>\n<meta property=\"og:site_name\" content=\"Montal Assessors i Advocats\" \/>\n<meta property=\"article:modified_time\" content=\"2023-09-28T15:06:29+00:00\" \/>\n<meta property=\"og:image\" content=\"https:\/\/montalassessorsiadvocats.com\/wp-content\/uploads\/2023\/12\/Assessors-i-advocats-Sant-Quirze.jpg\" \/>\n\t<meta property=\"og:image:width\" content=\"1700\" \/>\n\t<meta property=\"og:image:height\" content=\"1133\" \/>\n\t<meta property=\"og:image:type\" content=\"image\/jpeg\" \/>\n<meta name=\"twitter:card\" content=\"summary_large_image\" \/>\n<meta name=\"twitter:label1\" content=\"Tiempo de lectura\" \/>\n\t<meta name=\"twitter:data1\" content=\"2 minutos\" \/>\n<script type=\"application\/ld+json\" class=\"yoast-schema-graph\">{\"@context\":\"https:\/\/schema.org\",\"@graph\":[{\"@type\":\"WebPage\",\"@id\":\"https:\/\/montalassessorsiadvocats.com\/es\/servicios\/asesoria-juridica\/derecho-mercantil\/\",\"url\":\"https:\/\/montalassessorsiadvocats.com\/es\/servicios\/asesoria-juridica\/derecho-mercantil\/\",\"name\":\"Derecho Mercantil - Servicios Jur\u00eddicos - Montal Assessors i Advocats\",\"isPartOf\":{\"@id\":\"https:\/\/montalassessorsiadvocats.com\/es\/#website\"},\"datePublished\":\"2023-02-11T10:08:43+00:00\",\"dateModified\":\"2023-09-28T15:06:29+00:00\",\"description\":\"Servicio de asesoramiento jur\u00eddico en derecho Mercantil: Constituci\u00f3n de sociedades, procedimiento concursal, derechos de patentes y marcas, estatutos...\",\"breadcrumb\":{\"@id\":\"https:\/\/montalassessorsiadvocats.com\/es\/servicios\/asesoria-juridica\/derecho-mercantil\/#breadcrumb\"},\"inLanguage\":\"es\",\"potentialAction\":[{\"@type\":\"ReadAction\",\"target\":[\"https:\/\/montalassessorsiadvocats.com\/es\/servicios\/asesoria-juridica\/derecho-mercantil\/\"]}]},{\"@type\":\"BreadcrumbList\",\"@id\":\"https:\/\/montalassessorsiadvocats.com\/es\/servicios\/asesoria-juridica\/derecho-mercantil\/#breadcrumb\",\"itemListElement\":[{\"@type\":\"ListItem\",\"position\":1,\"name\":\"Inici\",\"item\":\"https:\/\/montalassessorsiadvocats.com\/es\/\"},{\"@type\":\"ListItem\",\"position\":2,\"name\":\"Servicios\",\"item\":\"https:\/\/montalassessorsiadvocats.com\/es\/servicios\/\"},{\"@type\":\"ListItem\",\"position\":3,\"name\":\"Asesor\u00eda Jur\u00eddica\",\"item\":\"https:\/\/montalassessorsiadvocats.com\/es\/servicios\/asesoria-juridica\/\"},{\"@type\":\"ListItem\",\"position\":4,\"name\":\"Derecho Mercantil\"}]},{\"@type\":\"WebSite\",\"@id\":\"https:\/\/montalassessorsiadvocats.com\/es\/#website\",\"url\":\"https:\/\/montalassessorsiadvocats.com\/es\/\",\"name\":\"Montal Assessors i Advocats\",\"description\":\"Assessoria fiscal, comptable, laboral, mercantil i jur\u00eddica a Sant Quirze\",\"publisher\":{\"@id\":\"https:\/\/montalassessorsiadvocats.com\/es\/#organization\"},\"alternateName\":\"Montal Assessors\",\"potentialAction\":[{\"@type\":\"SearchAction\",\"target\":{\"@type\":\"EntryPoint\",\"urlTemplate\":\"https:\/\/montalassessorsiadvocats.com\/es\/?s={search_term_string}\"},\"query-input\":\"required name=search_term_string\"}],\"inLanguage\":\"es\"},{\"@type\":\"Organization\",\"@id\":\"https:\/\/montalassessorsiadvocats.com\/es\/#organization\",\"name\":\"Montal Assessors i Advocats - Sant Quirze\",\"alternateName\":\"Montal Assessors i Advocats\",\"url\":\"https:\/\/montalassessorsiadvocats.com\/es\/\",\"logo\":{\"@type\":\"ImageObject\",\"inLanguage\":\"es\",\"@id\":\"https:\/\/montalassessorsiadvocats.com\/es\/#\/schema\/logo\/image\/\",\"url\":\"https:\/\/montalassessorsiadvocats.com\/wp-content\/uploads\/2024\/03\/logo-montal.jpg\",\"contentUrl\":\"https:\/\/montalassessorsiadvocats.com\/wp-content\/uploads\/2024\/03\/logo-montal.jpg\",\"width\":696,\"height\":696,\"caption\":\"Montal Assessors i Advocats - Sant Quirze\"},\"image\":{\"@id\":\"https:\/\/montalassessorsiadvocats.com\/es\/#\/schema\/logo\/image\/\"}}]}<\/script>\n<!-- \/ Yoast SEO plugin. -->","yoast_head_json":{"title":"Derecho Mercantil - Servicios Jur\u00eddicos - Montal Assessors i Advocats","description":"Servicio de asesoramiento jur\u00eddico en derecho Mercantil: Constituci\u00f3n de sociedades, procedimiento concursal, derechos de patentes y marcas, estatutos...","robots":{"index":"index","follow":"follow","max-snippet":"max-snippet:-1","max-image-preview":"max-image-preview:large","max-video-preview":"max-video-preview:-1"},"canonical":"https:\/\/montalassessorsiadvocats.com\/es\/servicios\/asesoria-juridica\/derecho-mercantil\/","og_locale":"es_ES","og_type":"article","og_title":"Derecho Mercantil - Servicios Jur\u00eddicos - Montal Assessors i Advocats","og_description":"Servicio de asesoramiento jur\u00eddico en derecho Mercantil: Constituci\u00f3n de sociedades, procedimiento concursal, derechos de patentes y marcas, estatutos...","og_url":"https:\/\/montalassessorsiadvocats.com\/es\/servicios\/asesoria-juridica\/derecho-mercantil\/","og_site_name":"Montal Assessors i Advocats","article_modified_time":"2023-09-28T15:06:29+00:00","og_image":[{"width":1700,"height":1133,"url":"https:\/\/montalassessorsiadvocats.com\/wp-content\/uploads\/2023\/12\/Assessors-i-advocats-Sant-Quirze.jpg","type":"image\/jpeg"}],"twitter_card":"summary_large_image","twitter_misc":{"Tiempo de lectura":"2 minutos"},"schema":{"@context":"https:\/\/schema.org","@graph":[{"@type":"WebPage","@id":"https:\/\/montalassessorsiadvocats.com\/es\/servicios\/asesoria-juridica\/derecho-mercantil\/","url":"https:\/\/montalassessorsiadvocats.com\/es\/servicios\/asesoria-juridica\/derecho-mercantil\/","name":"Derecho Mercantil - Servicios Jur\u00eddicos - Montal Assessors i Advocats","isPartOf":{"@id":"https:\/\/montalassessorsiadvocats.com\/es\/#website"},"datePublished":"2023-02-11T10:08:43+00:00","dateModified":"2023-09-28T15:06:29+00:00","description":"Servicio de asesoramiento jur\u00eddico en derecho Mercantil: Constituci\u00f3n de sociedades, procedimiento concursal, derechos de patentes y marcas, estatutos...","breadcrumb":{"@id":"https:\/\/montalassessorsiadvocats.com\/es\/servicios\/asesoria-juridica\/derecho-mercantil\/#breadcrumb"},"inLanguage":"es","potentialAction":[{"@type":"ReadAction","target":["https:\/\/montalassessorsiadvocats.com\/es\/servicios\/asesoria-juridica\/derecho-mercantil\/"]}]},{"@type":"BreadcrumbList","@id":"https:\/\/montalassessorsiadvocats.com\/es\/servicios\/asesoria-juridica\/derecho-mercantil\/#breadcrumb","itemListElement":[{"@type":"ListItem","position":1,"name":"Inici","item":"https:\/\/montalassessorsiadvocats.com\/es\/"},{"@type":"ListItem","position":2,"name":"Servicios","item":"https:\/\/montalassessorsiadvocats.com\/es\/servicios\/"},{"@type":"ListItem","position":3,"name":"Asesor\u00eda Jur\u00eddica","item":"https:\/\/montalassessorsiadvocats.com\/es\/servicios\/asesoria-juridica\/"},{"@type":"ListItem","position":4,"name":"Derecho Mercantil"}]},{"@type":"WebSite","@id":"https:\/\/montalassessorsiadvocats.com\/es\/#website","url":"https:\/\/montalassessorsiadvocats.com\/es\/","name":"Montal Assessors i Advocats","description":"Assessoria fiscal, comptable, laboral, mercantil i jur\u00eddica a Sant Quirze","publisher":{"@id":"https:\/\/montalassessorsiadvocats.com\/es\/#organization"},"alternateName":"Montal Assessors","potentialAction":[{"@type":"SearchAction","target":{"@type":"EntryPoint","urlTemplate":"https:\/\/montalassessorsiadvocats.com\/es\/?s={search_term_string}"},"query-input":"required name=search_term_string"}],"inLanguage":"es"},{"@type":"Organization","@id":"https:\/\/montalassessorsiadvocats.com\/es\/#organization","name":"Montal Assessors i Advocats - Sant Quirze","alternateName":"Montal Assessors i Advocats","url":"https:\/\/montalassessorsiadvocats.com\/es\/","logo":{"@type":"ImageObject","inLanguage":"es","@id":"https:\/\/montalassessorsiadvocats.com\/es\/#\/schema\/logo\/image\/","url":"https:\/\/montalassessorsiadvocats.com\/wp-content\/uploads\/2024\/03\/logo-montal.jpg","contentUrl":"https:\/\/montalassessorsiadvocats.com\/wp-content\/uploads\/2024\/03\/logo-montal.jpg","width":696,"height":696,"caption":"Montal Assessors i Advocats - Sant Quirze"},"image":{"@id":"https:\/\/montalassessorsiadvocats.com\/es\/#\/schema\/logo\/image\/"}}]}},"_links":{"self":[{"href":"https:\/\/montalassessorsiadvocats.com\/es\/wp-json\/wp\/v2\/pages\/1834"}],"collection":[{"href":"https:\/\/montalassessorsiadvocats.com\/es\/wp-json\/wp\/v2\/pages"}],"about":[{"href":"https:\/\/montalassessorsiadvocats.com\/es\/wp-json\/wp\/v2\/types\/page"}],"author":[{"embeddable":true,"href":"https:\/\/montalassessorsiadvocats.com\/es\/wp-json\/wp\/v2\/users\/1"}],"replies":[{"embeddable":true,"href":"https:\/\/montalassessorsiadvocats.com\/es\/wp-json\/wp\/v2\/comments?post=1834"}],"version-history":[{"count":4,"href":"https:\/\/montalassessorsiadvocats.com\/es\/wp-json\/wp\/v2\/pages\/1834\/revisions"}],"predecessor-version":[{"id":2581,"href":"https:\/\/montalassessorsiadvocats.com\/es\/wp-json\/wp\/v2\/pages\/1834\/revisions\/2581"}],"up":[{"embeddable":true,"href":"https:\/\/montalassessorsiadvocats.com\/es\/wp-json\/wp\/v2\/pages\/1801"}],"wp:attachment":[{"href":"https:\/\/montalassessorsiadvocats.com\/es\/wp-json\/wp\/v2\/media?parent=1834"}],"curies":[{"name":"wp","href":"https:\/\/api.w.org\/{rel}","templated":true}]}}